{"id":92,"date":"2015-09-06T19:38:12","date_gmt":"2015-09-06T17:38:12","guid":{"rendered":"http:\/\/hgcreimsmo.cluster005.ovh.net\/?page_id=92"},"modified":"2024-10-14T14:48:41","modified_gmt":"2024-10-14T12:48:41","slug":"92-2","status":"publish","type":"page","link":"https:\/\/www.hgc-reims.com\/?page_id=92","title":{"rendered":"Le comit\u00e9 directeur"},"content":{"rendered":"<p>Le comit\u00e9 est renouvel\u00e9 dans son int\u00e9gralit\u00e9 tous les trois ans par vote en assembl\u00e9e g\u00e9n\u00e9rale. Parmi ces membres, il y a le \u00ab <a class=\"jcepopup\" href=\"http:\/\/www.hgc-reims.com\/?page_id=113\">bureau<\/a> \u00bb form\u00e9 par la pr\u00e9sidente, la pr\u00e9sidente adjointe, le vice-pr\u00e9sident, le tr\u00e9sorier, son adjointe, le secr\u00e9taire, son adjointe.<\/p>\n<p>Le comit\u00e9 directeur veille \u00e0 la bonne marche des HGC Reims dans le respect des r\u00e8glements FFESSM et de l\u2019amateurisme.<\/p>\n<p>Il se r\u00e9unit r\u00e9guli\u00e8rement et \u00e0 chaque fois que n\u00e9cessaire pour examiner les affaires courantes et d\u00e9cider d\u2019une solution aux points particuliers.<\/p>\n<h2>Membres du comit\u00e9 directeur<\/h2>\n<table border=\"0\" cellpadding=\"10\" align=\"center\">\n<tbody>\n<tr>\n<td style=\"text-align: center;\" align=\"center\"><strong><a href=\"https:\/\/www.hgc-reims.com\/wp-content\/uploads\/2024\/10\/christophe.jpg\"><img loading=\"lazy\" decoding=\"async\" class=\"alignnone  wp-image-6400 aligncenter\" src=\"https:\/\/www.hgc-reims.com\/wp-content\/uploads\/2024\/10\/christophe.jpg\" alt=\"\" width=\"163\" height=\"163\" srcset=\"https:\/\/www.hgc-reims.com\/wp-content\/uploads\/2024\/10\/christophe.jpg 792w, https:\/\/www.hgc-reims.com\/wp-content\/uploads\/2024\/10\/christophe-300x300.jpg 300w, https:\/\/www.hgc-reims.com\/wp-content\/uploads\/2024\/10\/christophe-150x150.jpg 150w, https:\/\/www.hgc-reims.com\/wp-content\/uploads\/2024\/10\/christophe-768x768.jpg 768w\" sizes=\"auto, (max-width: 163px) 100vw, 163px\" \/><\/a><\/strong><strong>Christophe DUPRAT<\/strong><br \/>\n<em>Membre<\/em><br \/>\n<em>Responsable technique\u00a0<\/em><\/td>\n<td style=\"text-align: center;\" align=\"center\"><a href=\"https:\/\/www.hgc-reims.com\/wp-content\/uploads\/2023\/05\/IMG_3987.jpg\"><img loading=\"lazy\" decoding=\"async\" class=\"aligncenter\" src=\"https:\/\/www.hgc-reims.com\/wp-content\/uploads\/2023\/05\/IMG_3987.jpg\" alt=\"\" width=\"169\" height=\"169\" \/><\/a><br \/>\n<strong>St\u00e9phane\u00a0 DAVEAU<\/strong><br \/>\n<em>Membre<\/em><br \/>\n<em>Responsable mat\u00e9riel<\/em><strong><br \/>\n<\/strong><\/td>\n<\/tr>\n<tr>\n<td style=\"text-align: center;\" align=\"center\"><a href=\"https:\/\/www.hgc-reims.com\/wp-content\/uploads\/2024\/10\/jel.jpg\"><img loading=\"lazy\" decoding=\"async\" class=\"alignnone  wp-image-6401 aligncenter\" src=\"https:\/\/www.hgc-reims.com\/wp-content\/uploads\/2024\/10\/jel.jpg\" alt=\"\" width=\"177\" height=\"177\" srcset=\"https:\/\/www.hgc-reims.com\/wp-content\/uploads\/2024\/10\/jel.jpg 792w, https:\/\/www.hgc-reims.com\/wp-content\/uploads\/2024\/10\/jel-300x300.jpg 300w, https:\/\/www.hgc-reims.com\/wp-content\/uploads\/2024\/10\/jel-150x150.jpg 150w, https:\/\/www.hgc-reims.com\/wp-content\/uploads\/2024\/10\/jel-768x768.jpg 768w\" sizes=\"auto, (max-width: 177px) 100vw, 177px\" \/><\/a><br \/>\n<strong>Jean-Eudes LHERBIER<\/strong><br \/>\n<em>Membre<\/em><br \/>\n<em>Webmaster<\/em><\/td>\n<td style=\"text-align: center;\" align=\"center\"><a href=\"https:\/\/www.hgc-reims.com\/wp-content\/uploads\/2023\/05\/IMG_3994.jpg\"><img loading=\"lazy\" decoding=\"async\" class=\"aligncenter\" src=\"https:\/\/www.hgc-reims.com\/wp-content\/uploads\/2023\/05\/IMG_3994.jpg\" alt=\"\" width=\"170\" height=\"170\" \/><\/a><strong>Jean Marie NOEL<\/strong><br \/>\n<em>Membre<\/em><br \/>\n<em>Responsable Promotion et f\u00eates\u00a0<\/em><\/td>\n<\/tr>\n<tr>\n<td style=\"text-align: center;\" align=\"center\"><a href=\"https:\/\/www.hgc-reims.com\/wp-content\/uploads\/2023\/05\/IMG_3968.jpg\"><img loading=\"lazy\" decoding=\"async\" class=\"aligncenter\" src=\"https:\/\/www.hgc-reims.com\/wp-content\/uploads\/2023\/05\/IMG_3968.jpg\" alt=\"\" width=\"191\" height=\"191\" \/><\/a><strong>Beatriz VIEIRA<\/strong><br \/>\n<em>Membre<\/em><br \/>\n<em>2 ieme adjointe Promotion et f\u00eates<\/em><\/td>\n<td style=\"text-align: center;\" width=\"50%\"><\/td>\n<\/tr>\n<\/tbody>\n<\/table>\n","protected":false},"excerpt":{"rendered":"<p>Le comit\u00e9 est renouvel\u00e9 dans son int\u00e9gralit\u00e9 tous les trois ans par vote en assembl\u00e9e g\u00e9n\u00e9rale. Parmi ces membres, il y a le \u00ab bureau \u00bb form\u00e9 par la pr\u00e9sidente, la pr\u00e9sidente adjointe, le vice-pr\u00e9sident, le tr\u00e9sorier, son adjointe, le secr\u00e9taire, son adjointe. Le comit\u00e9 directeur veille \u00e0 la bonne marche des HGC Reims dans &hellip; <a href=\"https:\/\/www.hgc-reims.com\/?page_id=92\" class=\"more-link\">Continuer la lecture de <span class=\"screen-reader-text\">Le comit\u00e9 directeur<\/span>  <span class=\"meta-nav\">&rarr;<\/span><\/a><\/p>\n","protected":false},"author":1,"featured_media":0,"parent":70,"menu_order":0,"comment_status":"closed","ping_status":"closed","template":"page-templates\/full-width.php","meta":{"footnotes":""},"class_list":["post-92","page","type-page","status-publish","hentry","gallery-content-unit"],"post_mailing_queue_ids":[],"_links":{"self":[{"href":"https:\/\/www.hgc-reims.com\/index.php?rest_route=\/wp\/v2\/pages\/92","targetHints":{"allow":["GET"]}}],"collection":[{"href":"https:\/\/www.hgc-reims.com\/index.php?rest_route=\/wp\/v2\/pages"}],"about":[{"href":"https:\/\/www.hgc-reims.com\/index.php?rest_route=\/wp\/v2\/types\/page"}],"author":[{"embeddable":true,"href":"https:\/\/www.hgc-reims.com\/index.php?rest_route=\/wp\/v2\/users\/1"}],"replies":[{"embeddable":true,"href":"https:\/\/www.hgc-reims.com\/index.php?rest_route=%2Fwp%2Fv2%2Fcomments&post=92"}],"version-history":[{"count":32,"href":"https:\/\/www.hgc-reims.com\/index.php?rest_route=\/wp\/v2\/pages\/92\/revisions"}],"predecessor-version":[{"id":6403,"href":"https:\/\/www.hgc-reims.com\/index.php?rest_route=\/wp\/v2\/pages\/92\/revisions\/6403"}],"up":[{"embeddable":true,"href":"https:\/\/www.hgc-reims.com\/index.php?rest_route=\/wp\/v2\/pages\/70"}],"wp:attachment":[{"href":"https:\/\/www.hgc-reims.com\/index.php?rest_route=%2Fwp%2Fv2%2Fmedia&parent=92"}],"curies":[{"name":"wp","href":"https:\/\/api.w.org\/{rel}","templated":true}]}}