{"id":75,"date":"2015-09-06T18:53:04","date_gmt":"2015-09-06T16:53:04","guid":{"rendered":"http:\/\/hgcreimsmo.cluster005.ovh.net\/?page_id=75"},"modified":"2024-10-14T14:56:26","modified_gmt":"2024-10-14T12:56:26","slug":"les-presidents","status":"publish","type":"page","link":"https:\/\/www.hgc-reims.com\/?page_id=75","title":{"rendered":"Les pr\u00e9sidents"},"content":{"rendered":"<table border=\"0\" cellpadding=\"20\" align=\"center\">\n<tbody>\n<tr>\n<td align=\"center\"><img loading=\"lazy\" decoding=\"async\" title=\"Andr\u00e9 Morgen - Pr\u00e9sident de 1967 \u00e0 1969\" src=\"http:\/\/www.hgc-reims.com\/wp-content\/uploads\/2015\/09\/Andre_Morgen.jpg\" alt=\"Andre Morgen\" width=\"150\" height=\"197\" hspace=\"6\" \/><br \/>\n<strong>Andr\u00e9 Morgen<\/strong><br \/>\nPr\u00e9sident de 1967 \u00e0 1969<\/td>\n<td align=\"center\"><img loading=\"lazy\" decoding=\"async\" title=\"Jean GAUDON - Pr\u00e9sident de 1970 \u00e0 1975\" src=\"http:\/\/www.hgc-reims.com\/wp-content\/uploads\/2015\/09\/Jean_Gaudon.jpg\" alt=\"Jean GAUDON - Pr\u00e9sident de 1970 \u00e0 1975\" width=\"150\" height=\"197\" border=\"0\" hspace=\"6\" \/><br \/>\n<strong>Jean GAUDON<\/strong><br \/>\nPr\u00e9sident de 1970 \u00e0 1975<\/td>\n<\/tr>\n<tr>\n<td align=\"center\"><img loading=\"lazy\" decoding=\"async\" title=\"G\u00e9rard DEPIT - Pr\u00e9sident de 1976 \u00e0 1980\" src=\"http:\/\/www.hgc-reims.com\/wp-content\/uploads\/2015\/09\/Gerard_Depit.jpg\" alt=\"G\u00e9rard DEPIT - Pr\u00e9sident de 1976 \u00e0 1980\" width=\"150\" height=\"198\" border=\"0\" hspace=\"6\" \/><br \/>\n<strong>G\u00e9rard DEPIT<\/strong><br \/>\nPr\u00e9sident de 1976 \u00e0 1980<\/td>\n<td align=\"center\"><img loading=\"lazy\" decoding=\"async\" title=\"Daniel BONNET - Pr\u00e9sident de 1981 \u00e0 1982\" src=\"http:\/\/www.hgc-reims.com\/wp-content\/uploads\/2015\/09\/Daniel_Bonnet.jpg\" alt=\"Daniel BONNET - Pr\u00e9sident de 1981 \u00e0 1982\" width=\"150\" height=\"197\" border=\"0\" hspace=\"6\" \/><br \/>\n<strong>Daniel BONNET<\/strong><br \/>\nPr\u00e9sident de 1981 \u00e0 1982<\/td>\n<\/tr>\n<tr>\n<td align=\"center\"><img loading=\"lazy\" decoding=\"async\" title=\"Andr\u00e9 GIRARD - Pr\u00e9sident de 1983 \u00e0 1984\" src=\"http:\/\/www.hgc-reims.com\/wp-content\/uploads\/2015\/09\/Andre_Girard.jpg\" alt=\"Andr\u00e9 GIRARD - Pr\u00e9sident de 1983 \u00e0 1984\" width=\"150\" height=\"197\" border=\"0\" hspace=\"6\" \/><br \/>\n<strong>Andr\u00e9 GIRARD<\/strong><br \/>\nPr\u00e9sident de 1983 \u00e0 1984<\/td>\n<td align=\"center\"><img loading=\"lazy\" decoding=\"async\" title=\"Jean-Pierre CAILLET - Pr\u00e9sident de 1985 \u00e0 2002\" src=\"http:\/\/www.hgc-reims.com\/wp-content\/uploads\/2015\/09\/Jean_Pierre_Caillet.jpg\" alt=\"Jean-Pierre CAILLET - Pr\u00e9sident de 1985 \u00e0 2002\" width=\"150\" height=\"197\" border=\"0\" hspace=\"6\" \/><br \/>\n<strong>Jean-Pierre CAILLET<\/strong><br \/>\nPr\u00e9sident de 1985 \u00e0 2002<\/td>\n<\/tr>\n<tr align=\"center\">\n<td align=\"center\">\u00a0<img loading=\"lazy\" decoding=\"async\" title=\"Pascale BECK-CARPENTIER - Pr\u00e9sidente depuis 2003\" src=\"http:\/\/www.hgc-reims.com\/wp-content\/uploads\/2015\/09\/Pascale_Beck.jpg\" alt=\"Pascale BECK-CARPENTIER - Pr\u00e9sidente depuis 2003\" width=\"146\" height=\"197\" border=\"0\" hspace=\"6\" \/><br \/>\n<strong>Pascale BECK-CARPENTIER<\/strong><br \/>\nPr\u00e9sidente de 2003 \u00e0 2022<\/td>\n<td align=\"center\"><a href=\"https:\/\/www.hgc-reims.com\/wp-content\/uploads\/2024\/10\/sylvie.jpg\"><img loading=\"lazy\" decoding=\"async\" class=\"alignnone  wp-image-6404\" src=\"https:\/\/www.hgc-reims.com\/wp-content\/uploads\/2024\/10\/sylvie.jpg\" alt=\"\" width=\"190\" height=\"190\" srcset=\"https:\/\/www.hgc-reims.com\/wp-content\/uploads\/2024\/10\/sylvie.jpg 792w, https:\/\/www.hgc-reims.com\/wp-content\/uploads\/2024\/10\/sylvie-300x300.jpg 300w, https:\/\/www.hgc-reims.com\/wp-content\/uploads\/2024\/10\/sylvie-150x150.jpg 150w, https:\/\/www.hgc-reims.com\/wp-content\/uploads\/2024\/10\/sylvie-768x768.jpg 768w\" sizes=\"auto, (max-width: 190px) 100vw, 190px\" \/><\/a><\/p>\n<p><strong>Sylvie LAPORTE<\/strong><br \/>\nPr\u00e9sidente depuis 2023<\/td>\n<\/tr>\n<\/tbody>\n<\/table>\n","protected":false},"excerpt":{"rendered":"<p>Andr\u00e9 Morgen Pr\u00e9sident de 1967 \u00e0 1969 Jean GAUDON Pr\u00e9sident de 1970 \u00e0 1975 G\u00e9rard DEPIT Pr\u00e9sident de 1976 \u00e0 1980 Daniel BONNET Pr\u00e9sident de 1981 \u00e0 1982 Andr\u00e9 GIRARD Pr\u00e9sident de 1983 \u00e0 1984 Jean-Pierre CAILLET Pr\u00e9sident de 1985 \u00e0 2002 \u00a0 Pascale BECK-CARPENTIER Pr\u00e9sidente de 2003 \u00e0 2022 Sylvie LAPORTE Pr\u00e9sidente depuis 2023<\/p>\n","protected":false},"author":1,"featured_media":0,"parent":70,"menu_order":0,"comment_status":"closed","ping_status":"closed","template":"page-templates\/full-width.php","meta":{"footnotes":""},"class_list":["post-75","page","type-page","status-publish","hentry","gallery-content-unit"],"post_mailing_queue_ids":[],"_links":{"self":[{"href":"https:\/\/www.hgc-reims.com\/index.php?rest_route=\/wp\/v2\/pages\/75","targetHints":{"allow":["GET"]}}],"collection":[{"href":"https:\/\/www.hgc-reims.com\/index.php?rest_route=\/wp\/v2\/pages"}],"about":[{"href":"https:\/\/www.hgc-reims.com\/index.php?rest_route=\/wp\/v2\/types\/page"}],"author":[{"embeddable":true,"href":"https:\/\/www.hgc-reims.com\/index.php?rest_route=\/wp\/v2\/users\/1"}],"replies":[{"embeddable":true,"href":"https:\/\/www.hgc-reims.com\/index.php?rest_route=%2Fwp%2Fv2%2Fcomments&post=75"}],"version-history":[{"count":10,"href":"https:\/\/www.hgc-reims.com\/index.php?rest_route=\/wp\/v2\/pages\/75\/revisions"}],"predecessor-version":[{"id":6413,"href":"https:\/\/www.hgc-reims.com\/index.php?rest_route=\/wp\/v2\/pages\/75\/revisions\/6413"}],"up":[{"embeddable":true,"href":"https:\/\/www.hgc-reims.com\/index.php?rest_route=\/wp\/v2\/pages\/70"}],"wp:attachment":[{"href":"https:\/\/www.hgc-reims.com\/index.php?rest_route=%2Fwp%2Fv2%2Fmedia&parent=75"}],"curies":[{"name":"wp","href":"https:\/\/api.w.org\/{rel}","templated":true}]}}