{"id":73,"date":"2015-09-06T18:52:00","date_gmt":"2015-09-06T16:52:00","guid":{"rendered":"http:\/\/hgcreimsmo.cluster005.ovh.net\/?page_id=73"},"modified":"2023-09-08T13:39:02","modified_gmt":"2023-09-08T11:39:02","slug":"lhistorique","status":"publish","type":"page","link":"https:\/\/www.hgc-reims.com\/?page_id=73","title":{"rendered":"L&rsquo;historique"},"content":{"rendered":"<p>Le club des hommes grenouilles de Champagne de Reims s\u2019est cr\u00e9\u00e9 en 1967 par la volont\u00e9 de quelques intr\u00e9pides palm\u00e9s. Entre copains, ils ont pos\u00e9 les bases du Club et donn\u00e9 l\u2019envie \u00e0 d\u2019autres de les rejoindre.<\/p>\n<p>Notre\u00a0<strong>premier pr\u00e9sident de club a \u00e9t\u00e9 Andr\u00e9 MORGEN<\/strong>, ancien nageur de combat !<\/p>\n<p>Les d\u00e9buts ont \u00e9t\u00e9s h\u00e9ro\u00efques : Pas de local club. La piscine Olympique n\u2019est pas finie : Les entra\u00eenements se font \u00e0 la piscine Talleyrand. Il y a peu de mat\u00e9riel et il appartient souvent aux adh\u00e9rents. Le compresseur disponible est un \u20266M<sup>3<\/sup>\u00a0!<\/p>\n<p>Avec les ann\u00e9es 70, le club a continu\u00e9 sa croissance et a pris une dimension d\u00e9partementale avec la\u00a0<strong>cr\u00e9ation des sections Ch\u00e2lonnaises (1972) et Sparnaciennes (1971)<\/strong>. Les plong\u00e9es en milieu naturel trouv\u00e8rent leurs points de chute habituels \u00e0 Vodel\u00e9e, Villers\u2026 et d\u00e9j\u00e0 Cassis !<br \/>\nLes\u00a0<strong>hockeyeurs sous-marins du club particip\u00e8rent au championnat du monde \u00e0 Chicago<\/strong>. Les palmeurs cr\u00e9\u00e8rent la descente de la Marne du 1er Mai.<\/p>\n<p>Avec les ann\u00e9es \u00ab grand bleu \u00bb sont arriv\u00e9s au club une\u00a0<strong>activit\u00e9 plong\u00e9e \u00abenfants\u00bb<\/strong>, une\u00a0<strong>commission tir sur cible<\/strong>\u00a0et une<strong>\u00a0commission biologie<\/strong>.<\/p>\n<p>Et puis puis en\u00a0<strong>1990<\/strong>\u00a0il y\u2019eut de nouvelles initiatives : La\u00a0<strong>plong\u00e9e Handisport<\/strong>, les actions de r\u00e9insertion par la plong\u00e9e.<\/p>\n<p>Le d\u00e9but des ann\u00e9es 2000, un si\u00e8cle laisse sa place \u00e0 un autre : En 2003, la pr\u00e9sidence revient pour la premi\u00e8re fois \u00e0 une femme. \u00a0Et le club continue\u2026 et le temps passe !<\/p>\n<p>Apr\u00e8s plus de 40 ans de fonctionnement avec 3 sections, le club HGC a dissout l\u2019association sous son ancienne forme, devenue contraignante administrativement, pour cr\u00e9er 3 clubs distincts : HGCR, HGCE et HGCC.<\/p>\n<p>Le 29 Mars 2012 est n\u00e9e la nouvelle association Hommes Grenouilles de Champagne-Reims ( HGCR ) qui reprend l\u2019ensemble des activit\u00e9s qui \u00e9taient en place dans la section r\u00e9moise. Les membres fondateurs sont issus de l\u2019ancienne \u00e9quipe dirigeante qui reste inchang\u00e9e.<\/p>\n<p>Le 30 Juin 2012, dissolution des HGC 3 sections apr\u00e8s cr\u00e9ation des 3 nouveaux clubs ind\u00e9pendants.<\/p>\n","protected":false},"excerpt":{"rendered":"<p>Le club des hommes grenouilles de Champagne de Reims s\u2019est cr\u00e9\u00e9 en 1967 par la volont\u00e9 de quelques intr\u00e9pides palm\u00e9s. Entre copains, ils ont pos\u00e9 les bases du Club et donn\u00e9 l\u2019envie \u00e0 d\u2019autres de les rejoindre. Notre\u00a0premier pr\u00e9sident de club a \u00e9t\u00e9 Andr\u00e9 MORGEN, ancien nageur de combat ! Les d\u00e9buts ont \u00e9t\u00e9s h\u00e9ro\u00efques &hellip; <a href=\"https:\/\/www.hgc-reims.com\/?page_id=73\" class=\"more-link\">Continuer la lecture de <span class=\"screen-reader-text\">L&rsquo;historique<\/span>  <span class=\"meta-nav\">&rarr;<\/span><\/a><\/p>\n","protected":false},"author":1,"featured_media":0,"parent":70,"menu_order":0,"comment_status":"closed","ping_status":"closed","template":"page-templates\/full-width.php","meta":{"footnotes":""},"class_list":["post-73","page","type-page","status-publish","hentry","gallery-content-unit"],"post_mailing_queue_ids":[],"_links":{"self":[{"href":"https:\/\/www.hgc-reims.com\/index.php?rest_route=\/wp\/v2\/pages\/73","targetHints":{"allow":["GET"]}}],"collection":[{"href":"https:\/\/www.hgc-reims.com\/index.php?rest_route=\/wp\/v2\/pages"}],"about":[{"href":"https:\/\/www.hgc-reims.com\/index.php?rest_route=\/wp\/v2\/types\/page"}],"author":[{"embeddable":true,"href":"https:\/\/www.hgc-reims.com\/index.php?rest_route=\/wp\/v2\/users\/1"}],"replies":[{"embeddable":true,"href":"https:\/\/www.hgc-reims.com\/index.php?rest_route=%2Fwp%2Fv2%2Fcomments&post=73"}],"version-history":[{"count":4,"href":"https:\/\/www.hgc-reims.com\/index.php?rest_route=\/wp\/v2\/pages\/73\/revisions"}],"predecessor-version":[{"id":5229,"href":"https:\/\/www.hgc-reims.com\/index.php?rest_route=\/wp\/v2\/pages\/73\/revisions\/5229"}],"up":[{"embeddable":true,"href":"https:\/\/www.hgc-reims.com\/index.php?rest_route=\/wp\/v2\/pages\/70"}],"wp:attachment":[{"href":"https:\/\/www.hgc-reims.com\/index.php?rest_route=%2Fwp%2Fv2%2Fmedia&parent=73"}],"curies":[{"name":"wp","href":"https:\/\/api.w.org\/{rel}","templated":true}]}}