{"id":70,"date":"2015-09-06T18:51:00","date_gmt":"2015-09-06T16:51:00","guid":{"rendered":"http:\/\/hgcreimsmo.cluster005.ovh.net\/?page_id=70"},"modified":"2024-01-24T08:45:27","modified_gmt":"2024-01-24T07:45:27","slug":"le-club","status":"publish","type":"page","link":"https:\/\/www.hgc-reims.com\/?page_id=70","title":{"rendered":"Le Club"},"content":{"rendered":"<p>Apr\u00e8s plus de 40 ans de fonctionnement avec 3 sections, le club HGC a dissout l&rsquo;association sous son ancienne forme, devenue contraignante administrativement, pour cr\u00e9er 3 clubs distincts : HGCR, HGCE et HGCC.<\/p>\n<p>Le 29 Mars 2012 est n\u00e9e la nouvelle association Hommes Grenouilles de Champagne-Reims ( HGCR ) qui reprend l&rsquo;ensemble des activit\u00e9s qui \u00e9taient en place dans la section r\u00e9moise.<\/p>\n<p>Les membres fondateurs sont issus de l&rsquo;ancienne \u00e9quipe dirigeante qui reste inchang\u00e9e.<\/p>\n<p><a href=\"https:\/\/www.hgc-reims.com\/?page_id=4241\">Statuts et R\u00e8glement Int\u00e9rieur <\/a><\/p>\n","protected":false},"excerpt":{"rendered":"<p>Apr\u00e8s plus de 40 ans de fonctionnement avec 3 sections, le club HGC a dissout l&rsquo;association sous son ancienne forme, devenue contraignante administrativement, pour cr\u00e9er 3 clubs distincts : HGCR, HGCE et HGCC. Le 29 Mars 2012 est n\u00e9e la nouvelle association Hommes Grenouilles de Champagne-Reims ( HGCR ) qui reprend l&rsquo;ensemble des activit\u00e9s qui &hellip; <a href=\"https:\/\/www.hgc-reims.com\/?page_id=70\" class=\"more-link\">Continuer la lecture de <span class=\"screen-reader-text\">Le Club<\/span>  <span class=\"meta-nav\">&rarr;<\/span><\/a><\/p>\n","protected":false},"author":1,"featured_media":0,"parent":0,"menu_order":0,"comment_status":"closed","ping_status":"closed","template":"page-templates\/full-width.php","meta":{"footnotes":""},"class_list":["post-70","page","type-page","status-publish","hentry","gallery-content-unit"],"post_mailing_queue_ids":[],"_links":{"self":[{"href":"https:\/\/www.hgc-reims.com\/index.php?rest_route=\/wp\/v2\/pages\/70","targetHints":{"allow":["GET"]}}],"collection":[{"href":"https:\/\/www.hgc-reims.com\/index.php?rest_route=\/wp\/v2\/pages"}],"about":[{"href":"https:\/\/www.hgc-reims.com\/index.php?rest_route=\/wp\/v2\/types\/page"}],"author":[{"embeddable":true,"href":"https:\/\/www.hgc-reims.com\/index.php?rest_route=\/wp\/v2\/users\/1"}],"replies":[{"embeddable":true,"href":"https:\/\/www.hgc-reims.com\/index.php?rest_route=%2Fwp%2Fv2%2Fcomments&post=70"}],"version-history":[{"count":4,"href":"https:\/\/www.hgc-reims.com\/index.php?rest_route=\/wp\/v2\/pages\/70\/revisions"}],"predecessor-version":[{"id":5681,"href":"https:\/\/www.hgc-reims.com\/index.php?rest_route=\/wp\/v2\/pages\/70\/revisions\/5681"}],"wp:attachment":[{"href":"https:\/\/www.hgc-reims.com\/index.php?rest_route=%2Fwp%2Fv2%2Fmedia&parent=70"}],"curies":[{"name":"wp","href":"https:\/\/api.w.org\/{rel}","templated":true}]}}