{"id":689,"date":"2015-12-29T16:24:54","date_gmt":"2015-12-29T15:24:54","guid":{"rendered":"http:\/\/hgcreimsmo.cluster005.ovh.net\/?page_id=689"},"modified":"2025-09-01T16:45:47","modified_gmt":"2025-09-01T14:45:47","slug":"seances-dentrainement","status":"publish","type":"page","link":"https:\/\/www.hgc-reims.com\/?page_id=689","title":{"rendered":"S\u00e9ances d&rsquo;entrainement"},"content":{"rendered":"<h3>La plong\u00e9e 3 jours par semaine !<\/h3>\n<h4>Nos s\u00e9ances d\u2019entra\u00eenement dans les piscines de Reims pour la saison 2025-2026<\/h4>\n<table width=\"0\">\n<tbody>\n<tr>\n<td style=\"text-align: center;\" width=\"200\">Le jour<\/td>\n<td style=\"text-align: center;\" width=\"144\">Lundi<\/td>\n<td style=\"text-align: center;\" width=\"144\">Mercredi<\/td>\n<td style=\"text-align: center;\" width=\"144\">Vendredi<\/td>\n<\/tr>\n<tr>\n<td style=\"text-align: center;\" width=\"200\">Les horaires<\/td>\n<td style=\"text-align: center;\" width=\"144\">De 20H00\u00a0\u00e0 21H00<\/td>\n<td style=\"text-align: center;\" width=\"144\">De 20H30 \u00e0 22H30<\/td>\n<td style=\"text-align: center;\" width=\"144\">De 19H30 \u00e0 21H30<\/td>\n<\/tr>\n<tr>\n<td style=\"text-align: center;\" width=\"200\">Piscine<\/td>\n<td style=\"text-align: center;\" width=\"144\"><strong>THIOLETTES<\/strong><\/td>\n<td style=\"text-align: center;\" width=\"144\"><strong>ORGEVAL<\/strong><\/td>\n<td style=\"text-align: center;\" width=\"144\"><strong>ORGEVAL<\/strong><\/td>\n<\/tr>\n<tr>\n<td width=\"200\">Nage avec palmes loisir et comp\u00e9tition.<\/td>\n<td style=\"text-align: center;\" width=\"144\">OUI<\/td>\n<td style=\"text-align: center;\" width=\"144\">OUI<\/td>\n<td style=\"text-align: center;\" width=\"144\">OUI<\/td>\n<\/tr>\n<tr>\n<td width=\"200\">Plong\u00e9e scaphandre <strong>enfants<\/strong><\/td>\n<td width=\"144\"><\/td>\n<td width=\"144\"><\/td>\n<td style=\"text-align: center;\" width=\"144\">OUI<\/td>\n<\/tr>\n<tr>\n<td width=\"200\">Plong\u00e9e scaphandre <strong>adultes<\/strong><\/td>\n<td width=\"144\"><\/td>\n<td style=\"text-align: center;\" width=\"144\">OUI<\/td>\n<td style=\"text-align: center;\" width=\"144\">OUI<\/td>\n<\/tr>\n<tr>\n<td width=\"200\">Bapt\u00eame<\/td>\n<td width=\"144\"><\/td>\n<td style=\"text-align: center;\" width=\"144\">OUI<\/td>\n<td style=\"text-align: center;\" width=\"144\">OUI<\/td>\n<\/tr>\n<\/tbody>\n<\/table>\n<ul>\n<li><u>Les lundis de 20H00\u00a0\u00e0 21H00 \u00e0 la piscine <strong>THIOLETTES<\/strong><\/u><\/li>\n<\/ul>\n<p>Cr\u00e9neau <strong>r\u00e9serv\u00e9<\/strong> \u00e0 la nage avec palmes loisir et comp\u00e9tition. Les lignes d\u2019eau sont r\u00e9parties en fonction des nageurs : loisir, confirm\u00e9, \u00e0 besoins particuliers.<\/p>\n<p>\u2022 <u>Les mercredis de 20H30 \u00e0 22H30 \u00e0 la piscine <strong>ORGEVAL<\/strong><\/u><\/p>\n<p>Deux activit\u00e9s sur ce cr\u00e9neau\u00a0: Nage avec palmes loisir et Plong\u00e9e scaphandre <strong>adultes.<\/strong><\/p>\n<ul>\n<li><u>Les vendredis de 19H30 \u00e0 21H30 \u00e0 la piscine <strong>ORGEVAL<\/strong><\/u><\/li>\n<\/ul>\n<p>Trois activit\u00e9s sur ce cr\u00e9neau\u00a0: Nage avec palmes loisir, Plong\u00e9e scaphandre <strong>enfants<\/strong> et Plong\u00e9e scaphandre <strong>adultes.<\/strong><\/p>\n<div>La sortie de l\u2019eau se fait 1\/4 d\u2019heure avant la fin de la s\u00e9ance.<\/div>\n<div>BONNET DE BAIN OBLIGATOIRE DANS TOUTES LES PISCINES<\/div>\n<div><\/div>\n<h4>Pratiquement, il est conseill\u00e9 :<\/h4>\n<div>\n<p>De vous renseigner sur la possibilit\u00e9 d\u2019accueil (Fermeture piscine ? Sur effectif ?\u2026, etc\u2026) sur le site web.<\/p>\n<div>De donner une copie de votre visite m\u00e9dicale \u00e0 la secr\u00e9taire d\u00e8s le d\u00e9but de saison (obligatoire pour participer aux entra\u00eenements)<\/div>\n<\/div>\n","protected":false},"excerpt":{"rendered":"<p>La plong\u00e9e 3 jours par semaine ! Nos s\u00e9ances d\u2019entra\u00eenement dans les piscines de Reims pour la saison 2025-2026 Le jour Lundi Mercredi Vendredi Les horaires De 20H00\u00a0\u00e0 21H00 De 20H30 \u00e0 22H30 De 19H30 \u00e0 21H30 Piscine THIOLETTES ORGEVAL ORGEVAL Nage avec palmes loisir et comp\u00e9tition. OUI OUI OUI Plong\u00e9e scaphandre enfants OUI Plong\u00e9e &hellip; <a href=\"https:\/\/www.hgc-reims.com\/?page_id=689\" class=\"more-link\">Continuer la lecture de <span class=\"screen-reader-text\">S\u00e9ances d&rsquo;entrainement<\/span>  <span class=\"meta-nav\">&rarr;<\/span><\/a><\/p>\n","protected":false},"author":1,"featured_media":0,"parent":0,"menu_order":0,"comment_status":"closed","ping_status":"closed","template":"","meta":{"footnotes":""},"class_list":["post-689","page","type-page","status-publish","hentry","gallery-content-unit"],"post_mailing_queue_ids":[],"_links":{"self":[{"href":"https:\/\/www.hgc-reims.com\/index.php?rest_route=\/wp\/v2\/pages\/689","targetHints":{"allow":["GET"]}}],"collection":[{"href":"https:\/\/www.hgc-reims.com\/index.php?rest_route=\/wp\/v2\/pages"}],"about":[{"href":"https:\/\/www.hgc-reims.com\/index.php?rest_route=\/wp\/v2\/types\/page"}],"author":[{"embeddable":true,"href":"https:\/\/www.hgc-reims.com\/index.php?rest_route=\/wp\/v2\/users\/1"}],"replies":[{"embeddable":true,"href":"https:\/\/www.hgc-reims.com\/index.php?rest_route=%2Fwp%2Fv2%2Fcomments&post=689"}],"version-history":[{"count":13,"href":"https:\/\/www.hgc-reims.com\/index.php?rest_route=\/wp\/v2\/pages\/689\/revisions"}],"predecessor-version":[{"id":7676,"href":"https:\/\/www.hgc-reims.com\/index.php?rest_route=\/wp\/v2\/pages\/689\/revisions\/7676"}],"wp:attachment":[{"href":"https:\/\/www.hgc-reims.com\/index.php?rest_route=%2Fwp%2Fv2%2Fmedia&parent=689"}],"curies":[{"name":"wp","href":"https:\/\/api.w.org\/{rel}","templated":true}]}}