{"id":67,"date":"2015-09-06T17:49:40","date_gmt":"2015-09-06T15:49:40","guid":{"rendered":"http:\/\/hgcreimsmo.cluster005.ovh.net\/?page_id=67"},"modified":"2015-09-13T19:01:49","modified_gmt":"2015-09-13T17:01:49","slug":"plongee-handisport","status":"publish","type":"page","link":"https:\/\/www.hgc-reims.com\/?page_id=67","title":{"rendered":"Plong\u00e9e handisport"},"content":{"rendered":"<p>Depuis 2005, le club propose\u00a0des bapt\u00eames de plong\u00e9e \u00e0 des personnes en situation de handicap.<\/p>\n<p>Nous accueillerons les personnes susceptibles de pouvoir pratiquer la plong\u00e9e en fonction des crit\u00e8res m\u00e9dicaux d\u00e9finis par la FFH et la FFESSM (handicap\u00e9s moteurs), avec un pr\u00e9-requis\u00a0: pouvoir se d\u00e9placer dans l\u2019eau, avec ou sans aide. <strong>Un certificat m\u00e9dical de non contre-indication \u00e0 la plong\u00e9e, \u00e9tabli par un m\u00e9decin f\u00e9d\u00e9ral, est obligatoire avant tout bapt\u00eame<\/strong>.<\/p>\n<p>Notre objectif est de leur permettre de vivre diff\u00e9remment leur handicap en prenant conscience de l\u2019autonomie qu\u2019elles peuvent acqu\u00e9rir sous l\u2019eau par des gestes simples et apprendre une autre forme de communication o\u00f9 le corps n\u2019est pas ressenti dans sa pesanteur et ses limites.<br \/>\nC\u2019est aussi une exp\u00e9rience partag\u00e9e entre valides et non-valides, par le biais d\u2019activit\u00e9s communes, avec une perspective d\u2019\u00e9volution, pour ceux qui le souhaitent, vers un niveau de plong\u00e9e HP1, qui autorise \u00e0 plonger en milieu naturel et aller voir de plus pr\u00e8s les petits poissons.<\/p>\n<p>Le club a deux moniteurs handisports certifi\u00e9s qui mettent en oeuvre toute leur attention et leur gentillesse pour que le bapt\u00eame reste un souvenir inoubliable.<\/p>\n","protected":false},"excerpt":{"rendered":"<p>Depuis 2005, le club propose\u00a0des bapt\u00eames de plong\u00e9e \u00e0 des personnes en situation de handicap. Nous accueillerons les personnes susceptibles de pouvoir pratiquer la plong\u00e9e en fonction des crit\u00e8res m\u00e9dicaux d\u00e9finis par la FFH et la FFESSM (handicap\u00e9s moteurs), avec un pr\u00e9-requis\u00a0: pouvoir se d\u00e9placer dans l\u2019eau, avec ou sans aide. Un certificat m\u00e9dical de &hellip; <a href=\"https:\/\/www.hgc-reims.com\/?page_id=67\" class=\"more-link\">Continuer la lecture de <span class=\"screen-reader-text\">Plong\u00e9e handisport<\/span>  <span class=\"meta-nav\">&rarr;<\/span><\/a><\/p>\n","protected":false},"author":1,"featured_media":0,"parent":9,"menu_order":0,"comment_status":"closed","ping_status":"closed","template":"page-templates\/full-width.php","meta":{"footnotes":""},"class_list":["post-67","page","type-page","status-publish","hentry","gallery-content-unit"],"post_mailing_queue_ids":[],"_links":{"self":[{"href":"https:\/\/www.hgc-reims.com\/index.php?rest_route=\/wp\/v2\/pages\/67","targetHints":{"allow":["GET"]}}],"collection":[{"href":"https:\/\/www.hgc-reims.com\/index.php?rest_route=\/wp\/v2\/pages"}],"about":[{"href":"https:\/\/www.hgc-reims.com\/index.php?rest_route=\/wp\/v2\/types\/page"}],"author":[{"embeddable":true,"href":"https:\/\/www.hgc-reims.com\/index.php?rest_route=\/wp\/v2\/users\/1"}],"replies":[{"embeddable":true,"href":"https:\/\/www.hgc-reims.com\/index.php?rest_route=%2Fwp%2Fv2%2Fcomments&post=67"}],"version-history":[{"count":1,"href":"https:\/\/www.hgc-reims.com\/index.php?rest_route=\/wp\/v2\/pages\/67\/revisions"}],"predecessor-version":[{"id":68,"href":"https:\/\/www.hgc-reims.com\/index.php?rest_route=\/wp\/v2\/pages\/67\/revisions\/68"}],"up":[{"embeddable":true,"href":"https:\/\/www.hgc-reims.com\/index.php?rest_route=\/wp\/v2\/pages\/9"}],"wp:attachment":[{"href":"https:\/\/www.hgc-reims.com\/index.php?rest_route=%2Fwp%2Fv2%2Fmedia&parent=67"}],"curies":[{"name":"wp","href":"https:\/\/api.w.org\/{rel}","templated":true}]}}