{"id":471,"date":"2015-12-20T12:32:38","date_gmt":"2015-12-20T11:32:38","guid":{"rendered":"http:\/\/hgcreimsmo.cluster005.ovh.net\/?page_id=471"},"modified":"2021-09-17T15:26:44","modified_gmt":"2021-09-17T13:26:44","slug":"les-ptites-occaz","status":"publish","type":"page","link":"https:\/\/www.hgc-reims.com\/?page_id=471","title":{"rendered":"Les ptites occaz"},"content":{"rendered":"<p>Retrouvez ici les mat\u00e9riels d&rsquo;occasion propos\u00e9s par les adh\u00e9rents du club.<\/p>\n<div>\n<div>\n<div>\n<div>\n<div>\n<div>\n<div>\n<div>\n<div>\n<div>********************************************************************<\/div>\n<div><\/div>\n<\/div>\n<\/div>\n<\/div>\n<\/div>\n<\/div>\n<\/div>\n<\/div>\n<\/div>\n<\/div>\n<div>\n<div>Pas de mat\u00e9riel pour le moment.<\/div>\n<div><\/div>\n<\/div>\n<div>********************************************************************<\/div>\n","protected":false},"excerpt":{"rendered":"<p>Retrouvez ici les mat\u00e9riels d&rsquo;occasion propos\u00e9s par les adh\u00e9rents du club. ******************************************************************** Pas de mat\u00e9riel pour le moment. ********************************************************************<\/p>\n","protected":false},"author":1,"featured_media":0,"parent":0,"menu_order":0,"comment_status":"closed","ping_status":"closed","template":"","meta":{"footnotes":""},"class_list":["post-471","page","type-page","status-publish","hentry","gallery-content-unit"],"post_mailing_queue_ids":[],"_links":{"self":[{"href":"https:\/\/www.hgc-reims.com\/index.php?rest_route=\/wp\/v2\/pages\/471","targetHints":{"allow":["GET"]}}],"collection":[{"href":"https:\/\/www.hgc-reims.com\/index.php?rest_route=\/wp\/v2\/pages"}],"about":[{"href":"https:\/\/www.hgc-reims.com\/index.php?rest_route=\/wp\/v2\/types\/page"}],"author":[{"embeddable":true,"href":"https:\/\/www.hgc-reims.com\/index.php?rest_route=\/wp\/v2\/users\/1"}],"replies":[{"embeddable":true,"href":"https:\/\/www.hgc-reims.com\/index.php?rest_route=%2Fwp%2Fv2%2Fcomments&post=471"}],"version-history":[{"count":29,"href":"https:\/\/www.hgc-reims.com\/index.php?rest_route=\/wp\/v2\/pages\/471\/revisions"}],"predecessor-version":[{"id":4263,"href":"https:\/\/www.hgc-reims.com\/index.php?rest_route=\/wp\/v2\/pages\/471\/revisions\/4263"}],"wp:attachment":[{"href":"https:\/\/www.hgc-reims.com\/index.php?rest_route=%2Fwp%2Fv2%2Fmedia&parent=471"}],"curies":[{"name":"wp","href":"https:\/\/api.w.org\/{rel}","templated":true}]}}