{"id":4241,"date":"2021-09-14T20:48:44","date_gmt":"2021-09-14T18:48:44","guid":{"rendered":"https:\/\/www.hgc-reims.com\/?page_id=4241"},"modified":"2026-01-05T18:58:29","modified_gmt":"2026-01-05T17:58:29","slug":"statuts-ri-pv-ag","status":"publish","type":"page","link":"https:\/\/www.hgc-reims.com\/?page_id=4241","title":{"rendered":"Statuts &#8211; RI &#8211; PV AG"},"content":{"rendered":"\n<p><\/p>\n\n\n\n<p><a href=\"https:\/\/www.hgc-reims.com\/wp-content\/uploads\/2023\/09\/HGCR-statuts-2023-signes.pdf\" target=\"_blank\" rel=\"noreferrer noopener\">Statuts 2023 sign\u00e9s<\/a><\/p>\n\n\n\n<p><\/p>\n\n\n\n<p><a href=\"https:\/\/www.hgc-reims.com\/wp-content\/uploads\/2024\/07\/HGCR-Reglement-Interieur-dec-2023-sans-annexe-signe.pdf\" data-type=\"link\" data-id=\"https:\/\/www.hgc-reims.com\/wp-content\/uploads\/2024\/07\/HGCR-Reglement-Interieur-dec-2023-sans-annexe-signe.pdf\">R\u00e9glement Int\u00e9rieur d\u00e9c 2023<\/a><\/p>\n\n\n\n<p><a href=\"https:\/\/www.hgc-reims.com\/wp-content\/uploads\/2024\/07\/RI-dec-2023-Annexe-1-saison-2023-2024.pdf\" data-type=\"link\" data-id=\"https:\/\/www.hgc-reims.com\/wp-content\/uploads\/2024\/07\/RI-dec-2023-Annexe-1-saison-2023-2024.pdf\">RI &#8211; Annexe 1<\/a><\/p>\n\n\n\n<p><a href=\"https:\/\/www.hgc-reims.com\/wp-content\/uploads\/2024\/07\/RI-dec-2023-Annexe-2-saison-2023-2024.pdf\" data-type=\"link\" data-id=\"https:\/\/www.hgc-reims.com\/wp-content\/uploads\/2024\/07\/RI-dec-2023-Annexe-2-saison-2023-2024.pdf\">RI- Annexe 2 <\/a><\/p>\n\n\n\n<p><\/p>\n\n\n\n<p><a href=\"https:\/\/www.hgc-reims.com\/wp-content\/uploads\/2026\/01\/HGCR-PV-AG-2024-12-07.pdf\" data-type=\"link\" data-id=\"https:\/\/www.hgc-reims.com\/wp-content\/uploads\/2026\/01\/HGCR-PV-AG-2024-12-07.pdf\">PV de l\u2019AG du 7\u00a0dec 2024 approuv\u00e9 le 6 d\u00e9cembre 2025<\/a><\/p>\n\n\n\n<p><\/p>\n","protected":false},"excerpt":{"rendered":"<p>Statuts 2023 sign\u00e9s R\u00e9glement Int\u00e9rieur d\u00e9c 2023 RI &#8211; Annexe 1 RI- Annexe 2 PV de l\u2019AG du 7\u00a0dec 2024 approuv\u00e9 le 6 d\u00e9cembre 2025<\/p>\n","protected":false},"author":1,"featured_media":0,"parent":0,"menu_order":0,"comment_status":"closed","ping_status":"closed","template":"","meta":{"footnotes":""},"class_list":["post-4241","page","type-page","status-publish","hentry","gallery-content-unit"],"post_mailing_queue_ids":[],"_links":{"self":[{"href":"https:\/\/www.hgc-reims.com\/index.php?rest_route=\/wp\/v2\/pages\/4241","targetHints":{"allow":["GET"]}}],"collection":[{"href":"https:\/\/www.hgc-reims.com\/index.php?rest_route=\/wp\/v2\/pages"}],"about":[{"href":"https:\/\/www.hgc-reims.com\/index.php?rest_route=\/wp\/v2\/types\/page"}],"author":[{"embeddable":true,"href":"https:\/\/www.hgc-reims.com\/index.php?rest_route=\/wp\/v2\/users\/1"}],"replies":[{"embeddable":true,"href":"https:\/\/www.hgc-reims.com\/index.php?rest_route=%2Fwp%2Fv2%2Fcomments&post=4241"}],"version-history":[{"count":8,"href":"https:\/\/www.hgc-reims.com\/index.php?rest_route=\/wp\/v2\/pages\/4241\/revisions"}],"predecessor-version":[{"id":7979,"href":"https:\/\/www.hgc-reims.com\/index.php?rest_route=\/wp\/v2\/pages\/4241\/revisions\/7979"}],"wp:attachment":[{"href":"https:\/\/www.hgc-reims.com\/index.php?rest_route=%2Fwp%2Fv2%2Fmedia&parent=4241"}],"curies":[{"name":"wp","href":"https:\/\/api.w.org\/{rel}","templated":true}]}}