{"id":422,"date":"2015-12-08T22:44:52","date_gmt":"2015-12-08T21:44:52","guid":{"rendered":"http:\/\/hgcreimsmo.cluster005.ovh.net\/?page_id=422"},"modified":"2016-01-27T13:21:39","modified_gmt":"2016-01-27T12:21:39","slug":"qui-contacter","status":"publish","type":"page","link":"https:\/\/www.hgc-reims.com\/?page_id=422","title":{"rendered":"Qui contacter ?"},"content":{"rendered":"<div><a href=\"http:\/\/www.hgc-reims.com\/?page_id=425\">Pr\u00e9sidente<\/a><\/div>\n<div><\/div>\n<div><a href=\"http:\/\/www.hgc-reims.com\/?page_id=438\">Secr\u00e9taire<\/a><\/div>\n<div><\/div>\n<div><a href=\"http:\/\/www.hgc-reims.com\/?page_id=266\">Pour les bapt\u00eames<\/a><\/div>\n<div><\/div>\n<div><a href=\"http:\/\/www.hgc-reims.com\/?page_id=440\">La commission Technique<\/a><\/div>\n<div><\/div>\n<div>\n<div><a href=\"http:\/\/www.hgc-reims.com\/?page_id=434\">La commission Audiovisuelle<\/a><\/div>\n<div><\/div>\n<div>\n<div><a href=\"http:\/\/www.hgc-reims.com\/?page_id=436\">La commission Biologie<\/a><\/div>\n<div><\/div>\n<\/div>\n<\/div>\n<div><a href=\"http:\/\/www.hgc-reims.com\/?page_id=432\">La commission Nage avec palmes<\/a><\/div>\n<div><\/div>\n<div><\/div>\n","protected":false},"excerpt":{"rendered":"<p>Pr\u00e9sidente Secr\u00e9taire Pour les bapt\u00eames La commission Technique La commission Audiovisuelle La commission Biologie La commission Nage avec palmes<\/p>\n","protected":false},"author":1,"featured_media":0,"parent":0,"menu_order":0,"comment_status":"closed","ping_status":"closed","template":"","meta":{"footnotes":""},"class_list":["post-422","page","type-page","status-publish","hentry","gallery-content-unit"],"post_mailing_queue_ids":[],"_links":{"self":[{"href":"https:\/\/www.hgc-reims.com\/index.php?rest_route=\/wp\/v2\/pages\/422","targetHints":{"allow":["GET"]}}],"collection":[{"href":"https:\/\/www.hgc-reims.com\/index.php?rest_route=\/wp\/v2\/pages"}],"about":[{"href":"https:\/\/www.hgc-reims.com\/index.php?rest_route=\/wp\/v2\/types\/page"}],"author":[{"embeddable":true,"href":"https:\/\/www.hgc-reims.com\/index.php?rest_route=\/wp\/v2\/users\/1"}],"replies":[{"embeddable":true,"href":"https:\/\/www.hgc-reims.com\/index.php?rest_route=%2Fwp%2Fv2%2Fcomments&post=422"}],"version-history":[{"count":4,"href":"https:\/\/www.hgc-reims.com\/index.php?rest_route=\/wp\/v2\/pages\/422\/revisions"}],"predecessor-version":[{"id":1031,"href":"https:\/\/www.hgc-reims.com\/index.php?rest_route=\/wp\/v2\/pages\/422\/revisions\/1031"}],"wp:attachment":[{"href":"https:\/\/www.hgc-reims.com\/index.php?rest_route=%2Fwp%2Fv2%2Fmedia&parent=422"}],"curies":[{"name":"wp","href":"https:\/\/api.w.org\/{rel}","templated":true}]}}