{"id":397,"date":"2015-10-11T21:20:22","date_gmt":"2015-10-11T19:20:22","guid":{"rendered":"http:\/\/hgcreimsmo.cluster005.ovh.net\/?page_id=397"},"modified":"2020-12-06T20:09:02","modified_gmt":"2020-12-06T19:09:02","slug":"sites-de-plongee","status":"publish","type":"page","link":"https:\/\/www.hgc-reims.com\/?page_id=397","title":{"rendered":"Sites de plong\u00e9e"},"content":{"rendered":"<p>La vie du club ne se limite pas aux s\u00e9ances de piscine, voici les sites fr\u00e9quent\u00e9s pour les sorties club.<\/p>\n<p>En fosse :<\/p>\n<ul>\n<li><a href=\"http:\/\/www.hgc-reims.com\/?page_id=390\">Fosse de Marne et Gondoire<\/a><\/li>\n<li><a href=\"http:\/\/www.hgc-reims.com\/?page_id=394\">Nemo 33<\/a><\/li>\n<\/ul>\n<p>En milieu naturel :<\/p>\n<ul>\n<li><a href=\"http:\/\/www.hgc-reims.com\/?page_id=384\">Carri\u00e8re de Rochefontaine<\/a><\/li>\n<li><a href=\"http:\/\/www.hgc-reims.com\/?page_id=386\">Carri\u00e8re de Villers<\/a><\/li>\n<li><a href=\"http:\/\/www.hgc-reims.com?page_id=388\">Carri\u00e8re de Vodec\u00e9e<\/a><\/li>\n<li><a href=\"http:\/\/www.hgc-reims.com\/?page_id=285\">Carri\u00e8re de Vodel\u00e9e<\/a><\/li>\n<li><a href=\"http:\/\/www.hgc-reims.com\/?page_id=392\">Lac de l&rsquo;Eau d&rsquo;Heure<\/a><\/li>\n<li><a href=\"http:\/\/www.hgc-reims.com\/?page_id=998\">Gravi\u00e8re du Fort<\/a><\/li>\n<\/ul>\n<p>Mais aussi un voyage club annuel en Mer Rouge !<\/p>\n","protected":false},"excerpt":{"rendered":"<p>La vie du club ne se limite pas aux s\u00e9ances de piscine, voici les sites fr\u00e9quent\u00e9s pour les sorties club. En fosse : Fosse de Marne et Gondoire Nemo 33 En milieu naturel : Carri\u00e8re de Rochefontaine Carri\u00e8re de Villers Carri\u00e8re de Vodec\u00e9e Carri\u00e8re de Vodel\u00e9e Lac de l&rsquo;Eau d&rsquo;Heure Gravi\u00e8re du Fort Mais aussi &hellip; <a href=\"https:\/\/www.hgc-reims.com\/?page_id=397\" class=\"more-link\">Continuer la lecture de <span class=\"screen-reader-text\">Sites de plong\u00e9e<\/span>  <span class=\"meta-nav\">&rarr;<\/span><\/a><\/p>\n","protected":false},"author":1,"featured_media":0,"parent":128,"menu_order":0,"comment_status":"closed","ping_status":"closed","template":"","meta":{"footnotes":""},"class_list":["post-397","page","type-page","status-publish","hentry","gallery-content-unit"],"post_mailing_queue_ids":[],"_links":{"self":[{"href":"https:\/\/www.hgc-reims.com\/index.php?rest_route=\/wp\/v2\/pages\/397","targetHints":{"allow":["GET"]}}],"collection":[{"href":"https:\/\/www.hgc-reims.com\/index.php?rest_route=\/wp\/v2\/pages"}],"about":[{"href":"https:\/\/www.hgc-reims.com\/index.php?rest_route=\/wp\/v2\/types\/page"}],"author":[{"embeddable":true,"href":"https:\/\/www.hgc-reims.com\/index.php?rest_route=\/wp\/v2\/users\/1"}],"replies":[{"embeddable":true,"href":"https:\/\/www.hgc-reims.com\/index.php?rest_route=%2Fwp%2Fv2%2Fcomments&post=397"}],"version-history":[{"count":3,"href":"https:\/\/www.hgc-reims.com\/index.php?rest_route=\/wp\/v2\/pages\/397\/revisions"}],"predecessor-version":[{"id":4055,"href":"https:\/\/www.hgc-reims.com\/index.php?rest_route=\/wp\/v2\/pages\/397\/revisions\/4055"}],"up":[{"embeddable":true,"href":"https:\/\/www.hgc-reims.com\/index.php?rest_route=\/wp\/v2\/pages\/128"}],"wp:attachment":[{"href":"https:\/\/www.hgc-reims.com\/index.php?rest_route=%2Fwp%2Fv2%2Fmedia&parent=397"}],"curies":[{"name":"wp","href":"https:\/\/api.w.org\/{rel}","templated":true}]}}