{"id":394,"date":"2015-10-11T21:09:52","date_gmt":"2015-10-11T19:09:52","guid":{"rendered":"http:\/\/hgcreimsmo.cluster005.ovh.net\/?page_id=394"},"modified":"2015-12-08T22:25:14","modified_gmt":"2015-12-08T21:25:14","slug":"nemo-33","status":"publish","type":"page","link":"https:\/\/www.hgc-reims.com\/?page_id=394","title":{"rendered":"Nemo 33"},"content":{"rendered":"<p><span style=\"text-decoration: underline;\">Tarif :<\/span><\/p>\n<p>49 \u20ac pour la journ\u00e9e (2 plong\u00e9es + plat et dessert \u00e0 13h00)<\/p>\n<p>24 \u20ac\u00a0pour les accompagnants (plat + dessert \u00e0 13h)<\/p>\n<p><a href=\"http:\/\/nemo33.com\" target=\"_blank\">Site web<\/a><\/p>\n<p><span style=\"text-decoration: underline;\">Adresse :<\/span>\u00a0NEMO 33 &#8211; Plong\u00e9e<br \/>\nRue de Stalle 333 (Rond-point des Menhirs)<br \/>\n1180 Uccle (Bruxelles) &#8211; Belgique<\/p>\n<p>[put_wpgm id=3]<\/p>\n","protected":false},"excerpt":{"rendered":"<p>Tarif : 49 \u20ac pour la journ\u00e9e (2 plong\u00e9es + plat et dessert \u00e0 13h00) 24 \u20ac\u00a0pour les accompagnants (plat + dessert \u00e0 13h) Site web Adresse :\u00a0NEMO 33 &#8211; Plong\u00e9e Rue de Stalle 333 (Rond-point des Menhirs) 1180 Uccle (Bruxelles) &#8211; Belgique [put_wpgm id=3]<\/p>\n","protected":false},"author":1,"featured_media":0,"parent":397,"menu_order":0,"comment_status":"closed","ping_status":"closed","template":"","meta":{"footnotes":""},"class_list":["post-394","page","type-page","status-publish","hentry","gallery-content-unit"],"post_mailing_queue_ids":[],"_links":{"self":[{"href":"https:\/\/www.hgc-reims.com\/index.php?rest_route=\/wp\/v2\/pages\/394","targetHints":{"allow":["GET"]}}],"collection":[{"href":"https:\/\/www.hgc-reims.com\/index.php?rest_route=\/wp\/v2\/pages"}],"about":[{"href":"https:\/\/www.hgc-reims.com\/index.php?rest_route=\/wp\/v2\/types\/page"}],"author":[{"embeddable":true,"href":"https:\/\/www.hgc-reims.com\/index.php?rest_route=\/wp\/v2\/users\/1"}],"replies":[{"embeddable":true,"href":"https:\/\/www.hgc-reims.com\/index.php?rest_route=%2Fwp%2Fv2%2Fcomments&post=394"}],"version-history":[{"count":7,"href":"https:\/\/www.hgc-reims.com\/index.php?rest_route=\/wp\/v2\/pages\/394\/revisions"}],"predecessor-version":[{"id":421,"href":"https:\/\/www.hgc-reims.com\/index.php?rest_route=\/wp\/v2\/pages\/394\/revisions\/421"}],"up":[{"embeddable":true,"href":"https:\/\/www.hgc-reims.com\/index.php?rest_route=\/wp\/v2\/pages\/397"}],"wp:attachment":[{"href":"https:\/\/www.hgc-reims.com\/index.php?rest_route=%2Fwp%2Fv2%2Fmedia&parent=394"}],"curies":[{"name":"wp","href":"https:\/\/api.w.org\/{rel}","templated":true}]}}