{"id":354,"date":"2015-10-11T17:16:25","date_gmt":"2015-10-11T15:16:25","guid":{"rendered":"http:\/\/hgcreimsmo.cluster005.ovh.net\/?page_id=354"},"modified":"2021-09-27T13:47:52","modified_gmt":"2021-09-27T11:47:52","slug":"lunite-hyperbarie","status":"publish","type":"page","link":"https:\/\/www.hgc-reims.com\/?page_id=354","title":{"rendered":"L&rsquo;Unit\u00e9 Hyperbarie"},"content":{"rendered":"<h4>Unit\u00e9 d&rsquo;hyperbarie m\u00e9dicale &#8211; SAMU 51<\/h4>\n<h5>Situation<\/h5>\n<p>Sous-sol du petit b\u00e2timent des Urgences &#8211; CHU REIMS. Op\u00e9rationnel 24 h\/24, toute l\u2019ann\u00e9e.<\/p>\n<h6>Pourquoi appeler ?<\/h6>\n<p>En pr\u00e9sence de toute suspicion d\u2019accident de plong\u00e9e chez un plongeur pr\u00e9sentant des dol\u00e9ances quelqu\u2019elles soient pendant ou apr\u00e8s une plong\u00e9e, m\u00eame des heures apr\u00e8s.<\/p>\n<h6>Quand appeler ?<\/h6>\n<p>Le plus rapidement possible.<\/p>\n<h6>O\u00f9 appeler ?<\/h6>\n<p><strong>Faire le 15<\/strong>, si vous \u00eates dans la Marne. Faire le <strong>03.26.06.07.08<\/strong> hors d\u00e9partement.<br \/>\nUn m\u00e9decin sp\u00e9cialis\u00e9 en m\u00e9decine hyperbare sera joint pour \u00e9valuer la situation.<\/p>\n<h5>Caract\u00e9ristiques<\/h5>\n<h6>Chambre hyperbare comex 2000 avec SAS :<\/h6>\n<ul>\n<li><strong>Capacit\u00e9 :<\/strong>\n<ul>\n<li>4 personnes assises<\/li>\n<li>Ou 2 malades allong\u00e9s<\/li>\n<li>Ou 1 malade de r\u00e9animation avec accompagnant<\/li>\n<\/ul>\n<\/li>\n<li><strong>Pression de service :<\/strong> 4 bar<\/li>\n<li><strong>Alimentation<\/strong> AIR- Oxyg\u00e8ne et H\u00e9liox<\/li>\n<li><strong>Monitorage :<\/strong> Cardioscope \u2013 PNI- SaO2 \u2013 PtO2<\/li>\n<li><strong>Respirateur :<\/strong> LAMA<\/li>\n<\/ul>\n<p><img loading=\"lazy\" decoding=\"async\" class=\"alignleft\" src=\"http:\/\/www.hgc-reims.com\/wp-content\/uploads\/2015\/10\/chambre01.jpg\" alt=\" \" width=\"200\" height=\"150\" \/>\u00a0\u00a0<img loading=\"lazy\" decoding=\"async\" class=\"alignleft\" src=\"http:\/\/www.hgc-reims.com\/wp-content\/uploads\/2015\/10\/chambre02.jpg\" alt=\" \" width=\"200\" height=\"150\" \/><\/p>\n","protected":false},"excerpt":{"rendered":"<p>Unit\u00e9 d&rsquo;hyperbarie m\u00e9dicale &#8211; SAMU 51 Situation Sous-sol du petit b\u00e2timent des Urgences &#8211; CHU REIMS. Op\u00e9rationnel 24 h\/24, toute l\u2019ann\u00e9e. Pourquoi appeler ? En pr\u00e9sence de toute suspicion d\u2019accident de plong\u00e9e chez un plongeur pr\u00e9sentant des dol\u00e9ances quelqu\u2019elles soient pendant ou apr\u00e8s une plong\u00e9e, m\u00eame des heures apr\u00e8s. Quand appeler ? Le plus rapidement &hellip; <a href=\"https:\/\/www.hgc-reims.com\/?page_id=354\" class=\"more-link\">Continuer la lecture de <span class=\"screen-reader-text\">L&rsquo;Unit\u00e9 Hyperbarie<\/span>  <span class=\"meta-nav\">&rarr;<\/span><\/a><\/p>\n","protected":false},"author":1,"featured_media":0,"parent":332,"menu_order":0,"comment_status":"closed","ping_status":"closed","template":"","meta":{"footnotes":""},"class_list":["post-354","page","type-page","status-publish","hentry","gallery-content-unit"],"post_mailing_queue_ids":[],"_links":{"self":[{"href":"https:\/\/www.hgc-reims.com\/index.php?rest_route=\/wp\/v2\/pages\/354","targetHints":{"allow":["GET"]}}],"collection":[{"href":"https:\/\/www.hgc-reims.com\/index.php?rest_route=\/wp\/v2\/pages"}],"about":[{"href":"https:\/\/www.hgc-reims.com\/index.php?rest_route=\/wp\/v2\/types\/page"}],"author":[{"embeddable":true,"href":"https:\/\/www.hgc-reims.com\/index.php?rest_route=\/wp\/v2\/users\/1"}],"replies":[{"embeddable":true,"href":"https:\/\/www.hgc-reims.com\/index.php?rest_route=%2Fwp%2Fv2%2Fcomments&post=354"}],"version-history":[{"count":4,"href":"https:\/\/www.hgc-reims.com\/index.php?rest_route=\/wp\/v2\/pages\/354\/revisions"}],"predecessor-version":[{"id":4272,"href":"https:\/\/www.hgc-reims.com\/index.php?rest_route=\/wp\/v2\/pages\/354\/revisions\/4272"}],"up":[{"embeddable":true,"href":"https:\/\/www.hgc-reims.com\/index.php?rest_route=\/wp\/v2\/pages\/332"}],"wp:attachment":[{"href":"https:\/\/www.hgc-reims.com\/index.php?rest_route=%2Fwp%2Fv2%2Fmedia&parent=354"}],"curies":[{"name":"wp","href":"https:\/\/api.w.org\/{rel}","templated":true}]}}