{"id":352,"date":"2015-10-11T16:59:23","date_gmt":"2015-10-11T14:59:23","guid":{"rendered":"http:\/\/hgcreimsmo.cluster005.ovh.net\/?page_id=352"},"modified":"2023-05-22T13:17:01","modified_gmt":"2023-05-22T11:17:01","slug":"nos-medecins","status":"publish","type":"page","link":"https:\/\/www.hgc-reims.com\/?page_id=352","title":{"rendered":"Nos m\u00e9decins"},"content":{"rendered":"<h2>Les m\u00e9decins du club<\/h2>\n<p>Nos m\u00e9decins sont \u00e0 votre disposition pour toutes questions m\u00e9dicales, contactez-les.<\/p>\n<h3><a href=\"https:\/\/www.hgc-reims.com\/wp-content\/uploads\/2023\/05\/IMG_3977.jpg\"><img loading=\"lazy\" decoding=\"async\" class=\"wp-image-4981 alignright\" src=\"https:\/\/www.hgc-reims.com\/wp-content\/uploads\/2023\/05\/IMG_3977.jpg\" alt=\"\" width=\"176\" height=\"176\" srcset=\"https:\/\/www.hgc-reims.com\/wp-content\/uploads\/2023\/05\/IMG_3977.jpg 1080w, https:\/\/www.hgc-reims.com\/wp-content\/uploads\/2023\/05\/IMG_3977-300x300.jpg 300w, https:\/\/www.hgc-reims.com\/wp-content\/uploads\/2023\/05\/IMG_3977-1024x1024.jpg 1024w, https:\/\/www.hgc-reims.com\/wp-content\/uploads\/2023\/05\/IMG_3977-150x150.jpg 150w, https:\/\/www.hgc-reims.com\/wp-content\/uploads\/2023\/05\/IMG_3977-768x768.jpg 768w\" sizes=\"auto, (max-width: 176px) 100vw, 176px\" \/><\/a>Dr Beno\u00eet JOURN\u00c9<\/h3>\n<ul>\n<li>Praticien hospitalier d\u2019anesth\u00e9sie-r\u00e9animation en retraite<\/li>\n<li>M\u00e9decin hyperbariste<\/li>\n<li>M\u00e9decin du sport<\/li>\n<li>M\u00e9decin f\u00e9d\u00e9ral<\/li>\n<\/ul>\n<p>Tel personnel : 06 40 40 58 95<\/p>\n<p>Tel prise de rendez-vous : CHU Reims, secr\u00e9tariat d\u2019hyperbarie :03 26 78 48 75<\/p>\n<blockquote><p><strong>\u00a0<\/strong><\/p><\/blockquote>\n<h3><a href=\"https:\/\/www.hgc-reims.com\/wp-content\/uploads\/2023\/05\/IMG_3967.jpg\"><img loading=\"lazy\" decoding=\"async\" class=\"wp-image-4965 alignright\" src=\"https:\/\/www.hgc-reims.com\/wp-content\/uploads\/2023\/05\/IMG_3967.jpg\" alt=\"\" width=\"163\" height=\"163\" srcset=\"https:\/\/www.hgc-reims.com\/wp-content\/uploads\/2023\/05\/IMG_3967.jpg 1080w, https:\/\/www.hgc-reims.com\/wp-content\/uploads\/2023\/05\/IMG_3967-300x300.jpg 300w, https:\/\/www.hgc-reims.com\/wp-content\/uploads\/2023\/05\/IMG_3967-1024x1024.jpg 1024w, https:\/\/www.hgc-reims.com\/wp-content\/uploads\/2023\/05\/IMG_3967-150x150.jpg 150w, https:\/\/www.hgc-reims.com\/wp-content\/uploads\/2023\/05\/IMG_3967-768x768.jpg 768w\" sizes=\"auto, (max-width: 163px) 100vw, 163px\" \/><\/a>Dr Alain LURETTE<\/h3>\n<ul>\n<li>M\u00e9decin g\u00e9n\u00e9raliste<\/li>\n<li>M\u00e9decin f\u00e9d\u00e9ral<\/li>\n<\/ul>\n<p>Tel prise de rendez-vous : 03 26 49 61 02\u00a0 ou <a href=\"https:\/\/www.maiia.com\/medecin-generaliste\/51220-courcy\/lurette-alain\" target=\"_blank\" rel=\"noopener\">rendez-vous en ligne<\/a><\/p>\n<p>Cabinet M\u00e9dical\u00a0: 2 place de la Mairie, 51220 Courcy<\/p>\n","protected":false},"excerpt":{"rendered":"<p>Les m\u00e9decins du club Nos m\u00e9decins sont \u00e0 votre disposition pour toutes questions m\u00e9dicales, contactez-les. Dr Beno\u00eet JOURN\u00c9 Praticien hospitalier d\u2019anesth\u00e9sie-r\u00e9animation en retraite M\u00e9decin hyperbariste M\u00e9decin du sport M\u00e9decin f\u00e9d\u00e9ral Tel personnel : 06 40 40 58 95 Tel prise de rendez-vous : CHU Reims, secr\u00e9tariat d\u2019hyperbarie :03 26 78 48 75 \u00a0 Dr Alain &hellip; <a href=\"https:\/\/www.hgc-reims.com\/?page_id=352\" class=\"more-link\">Continuer la lecture de <span class=\"screen-reader-text\">Nos m\u00e9decins<\/span>  <span class=\"meta-nav\">&rarr;<\/span><\/a><\/p>\n","protected":false},"author":1,"featured_media":0,"parent":332,"menu_order":0,"comment_status":"closed","ping_status":"closed","template":"","meta":{"footnotes":""},"class_list":["post-352","page","type-page","status-publish","hentry","gallery-content-unit"],"post_mailing_queue_ids":[],"_links":{"self":[{"href":"https:\/\/www.hgc-reims.com\/index.php?rest_route=\/wp\/v2\/pages\/352","targetHints":{"allow":["GET"]}}],"collection":[{"href":"https:\/\/www.hgc-reims.com\/index.php?rest_route=\/wp\/v2\/pages"}],"about":[{"href":"https:\/\/www.hgc-reims.com\/index.php?rest_route=\/wp\/v2\/types\/page"}],"author":[{"embeddable":true,"href":"https:\/\/www.hgc-reims.com\/index.php?rest_route=\/wp\/v2\/users\/1"}],"replies":[{"embeddable":true,"href":"https:\/\/www.hgc-reims.com\/index.php?rest_route=%2Fwp%2Fv2%2Fcomments&post=352"}],"version-history":[{"count":9,"href":"https:\/\/www.hgc-reims.com\/index.php?rest_route=\/wp\/v2\/pages\/352\/revisions"}],"predecessor-version":[{"id":5018,"href":"https:\/\/www.hgc-reims.com\/index.php?rest_route=\/wp\/v2\/pages\/352\/revisions\/5018"}],"up":[{"embeddable":true,"href":"https:\/\/www.hgc-reims.com\/index.php?rest_route=\/wp\/v2\/pages\/332"}],"wp:attachment":[{"href":"https:\/\/www.hgc-reims.com\/index.php?rest_route=%2Fwp%2Fv2%2Fmedia&parent=352"}],"curies":[{"name":"wp","href":"https:\/\/api.w.org\/{rel}","templated":true}]}}