{"id":335,"date":"2015-10-11T15:26:22","date_gmt":"2015-10-11T13:26:22","guid":{"rendered":"http:\/\/hgcreimsmo.cluster005.ovh.net\/?page_id=335"},"modified":"2023-11-30T17:37:05","modified_gmt":"2023-11-30T16:37:05","slug":"consultation-medicale","status":"publish","type":"page","link":"https:\/\/www.hgc-reims.com\/?page_id=335","title":{"rendered":"Consultation M\u00e9dicale Subaquatique"},"content":{"rendered":"\n<p>Conform\u00e9ment \u00e0 la r\u00e9glementation f\u00e9d\u00e9rale, la pr\u00e9sentation d\u2019un certificat d\u2019absence de contre-indication (CACI) \u00e0 la pratique des activit\u00e9s subaquatiques est exig\u00e9e pour la pratique de la plong\u00e9e en scaphandre et pour les nageurs avec palmes.<\/p>\n\n\n\n<p>Les consultations d\u2019aptitude aux diff\u00e9rentes disciplines f\u00e9d\u00e9rales sont r\u00e9alis\u00e9es par un pool de m\u00e9decins f\u00e9d\u00e9raux sans sp\u00e9cificit\u00e9 de clubs.<\/p>\n\n\n\n<p>Le CACI peut \u00eatre sign\u00e9 par tout m\u00e9decin inscrit au Tableau de l\u2019Ordre des M\u00e9decins ou remplissant les conditions l\u00e9gales de l\u2019exercice de la m\u00e9decine ; il est d\u00e9livr\u00e9 \u00e0 l\u2019issue d\u2019un examen m\u00e9dical effectu\u00e9 par tout Docteur en m\u00e9decine ayant, le cas \u00e9ch\u00e9ant, des comp\u00e9tences sp\u00e9cifiques.<br>La Commission m\u00e9dicale nationale conseille aux plongeurs de r\u00e9aliser cette visite aupr\u00e8s d\u2019un m\u00e9decin ayant des comp\u00e9tences en plong\u00e9e.<\/p>\n\n\n\n<p>Exceptions \u00e0 la r\u00e8gle g\u00e9n\u00e9rale :<\/p>\n\n\n\n<ul class=\"wp-block-list\">\n<li>Plongeurs en situation de Handicap. Un certificat m\u00e9dical d\u00e9livr\u00e9 par un m\u00e9decin FFH ou f\u00e9d\u00e9ral est obligatoire d\u00e8s le bapt\u00eame.<\/li>\n\n\n\n<li>La pratique de la plong\u00e9e en trimix ou en m\u00e9lange hyperoxyque<\/li>\n\n\n\n<li>La pratique de la comp\u00e9tition d\u2019apn\u00e9e au-del\u00e0 de 6 m de profondeur<\/li>\n\n\n\n<li>La reprise d\u2019activit\u00e9 de plong\u00e9e apr\u00e8s un accident de plong\u00e9e ou une infection Covid-19<\/li>\n<\/ul>\n\n\n\n<p>Dans ces situations, le CACI doit \u00eatre \u00e9tabli par :<br>Un m\u00e9decin qualifi\u00e9 en m\u00e9decine du sport<br>Ou un m\u00e9decin qualifi\u00e9 en m\u00e9decine subaquatique<br>Ou un m\u00e9decin f\u00e9d\u00e9ral<br>Ou un m\u00e9decin de m\u00e9decine physique et de r\u00e9\u00e9ducation pour les plongeurs en situation de handicap.<\/p>\n","protected":false},"excerpt":{"rendered":"<p>Conform\u00e9ment \u00e0 la r\u00e9glementation f\u00e9d\u00e9rale, la pr\u00e9sentation d\u2019un certificat d\u2019absence de contre-indication (CACI) \u00e0 la pratique des activit\u00e9s subaquatiques est exig\u00e9e pour la pratique de la plong\u00e9e en scaphandre et pour les nageurs avec palmes. Les consultations d\u2019aptitude aux diff\u00e9rentes disciplines f\u00e9d\u00e9rales sont r\u00e9alis\u00e9es par un pool de m\u00e9decins f\u00e9d\u00e9raux sans sp\u00e9cificit\u00e9 de clubs. Le &hellip; <a href=\"https:\/\/www.hgc-reims.com\/?page_id=335\" class=\"more-link\">Continuer la lecture de <span class=\"screen-reader-text\">Consultation M\u00e9dicale Subaquatique<\/span>  <span class=\"meta-nav\">&rarr;<\/span><\/a><\/p>\n","protected":false},"author":1,"featured_media":0,"parent":332,"menu_order":0,"comment_status":"closed","ping_status":"closed","template":"","meta":{"footnotes":""},"class_list":["post-335","page","type-page","status-publish","hentry","gallery-content-unit"],"post_mailing_queue_ids":[],"_links":{"self":[{"href":"https:\/\/www.hgc-reims.com\/index.php?rest_route=\/wp\/v2\/pages\/335","targetHints":{"allow":["GET"]}}],"collection":[{"href":"https:\/\/www.hgc-reims.com\/index.php?rest_route=\/wp\/v2\/pages"}],"about":[{"href":"https:\/\/www.hgc-reims.com\/index.php?rest_route=\/wp\/v2\/types\/page"}],"author":[{"embeddable":true,"href":"https:\/\/www.hgc-reims.com\/index.php?rest_route=\/wp\/v2\/users\/1"}],"replies":[{"embeddable":true,"href":"https:\/\/www.hgc-reims.com\/index.php?rest_route=%2Fwp%2Fv2%2Fcomments&post=335"}],"version-history":[{"count":7,"href":"https:\/\/www.hgc-reims.com\/index.php?rest_route=\/wp\/v2\/pages\/335\/revisions"}],"predecessor-version":[{"id":5413,"href":"https:\/\/www.hgc-reims.com\/index.php?rest_route=\/wp\/v2\/pages\/335\/revisions\/5413"}],"up":[{"embeddable":true,"href":"https:\/\/www.hgc-reims.com\/index.php?rest_route=\/wp\/v2\/pages\/332"}],"wp:attachment":[{"href":"https:\/\/www.hgc-reims.com\/index.php?rest_route=%2Fwp%2Fv2%2Fmedia&parent=335"}],"curies":[{"name":"wp","href":"https:\/\/api.w.org\/{rel}","templated":true}]}}