{"id":2952,"date":"2019-01-12T17:24:24","date_gmt":"2019-01-12T16:24:24","guid":{"rendered":"http:\/\/www.hgc-reims.com\/?page_id=2952"},"modified":"2019-10-01T22:17:20","modified_gmt":"2019-10-01T20:17:20","slug":"insription-newsletter","status":"publish","type":"page","link":"https:\/\/www.hgc-reims.com\/?page_id=2952","title":{"rendered":"Newsletter"},"content":{"rendered":"\n<p>Vous pouvez d\u00e9sormais vous inscrire pour recevoir directement par mail les derni\u00e8res informations en une du site.<\/p>\n\n\n\n<p style=\"text-align:center\"><strong><div class=\"emaillist\" id=\"es_form_f0-n1\"><form action=\"\/index.php?rest_route=%2Fwp%2Fv2%2Fpages%2F2952#es_form_f0-n1\" method=\"post\" class=\"es_subscription_form es_shortcode_form \" id=\"es_subscription_form_69de943176e74\" data-source=\"ig-es\" data-form-id=\"0\"><div class=\"es_caption\">Veuillez renseigner votre nom et email<\/div><div class=\"es-field-wrap\"><label>Name<br \/><input type=\"text\" name=\"esfpx_name\" class=\"ig_es_form_field_name\" placeholder=\"\" value=\"\" \/><\/label><\/div><div class=\"es-field-wrap ig-es-form-field\"><label class=\"es-field-label\">Email*<br \/><input class=\"es_required_field es_txt_email ig_es_form_field_email ig-es-form-input\" type=\"email\" name=\"esfpx_email\" value=\"\" placeholder=\"\" required=\"required\" \/><\/label><\/div><input type=\"hidden\" name=\"esfpx_lists[]\" value=\"feb41b21a758\" \/><input type=\"hidden\" name=\"esfpx_form_id\" value=\"0\" \/><input type=\"hidden\" name=\"es\" value=\"subscribe\" \/>\n\t\t\t<input type=\"hidden\" name=\"esfpx_es_form_identifier\" value=\"f0-n1\" \/>\n\t\t\t<input type=\"hidden\" name=\"esfpx_es_email_page\" value=\"2952\" \/>\n\t\t\t<input type=\"hidden\" name=\"esfpx_es_email_page_url\" value=\"https:\/\/www.hgc-reims.com\/?page_id=2952\" \/>\n\t\t\t<input type=\"hidden\" name=\"esfpx_status\" value=\"Unconfirmed\" \/>\n\t\t\t<input type=\"hidden\" name=\"esfpx_es-subscribe\" id=\"es-subscribe-69de943176e74\" value=\"fde8596484\" \/>\n\t\t\t<label style=\"position:absolute;top:-99999px;left:-99999px;z-index:-99;\" aria-hidden=\"true\"><span hidden>Please leave this field empty.<\/span><input type=\"email\" name=\"esfpx_es_hp_email\" class=\"es_required_field\" tabindex=\"-1\" autocomplete=\"-1\" value=\"\" \/><\/label><input type=\"submit\" name=\"submit\" class=\"es_subscription_form_submit es_submit_button es_textbox_button\" id=\"es_subscription_form_submit_69de943176e74\" value=\"Subscribe\" \/><span class=\"es_spinner_image\" id=\"spinner-image\"><img decoding=\"async\" src=\"https:\/\/www.hgc-reims.com\/wp-content\/plugins\/email-subscribers\/lite\/public\/images\/spinner.gif\" alt=\"Loading\" \/><\/span><\/form><span class=\"es_subscription_message \" id=\"es_subscription_message_69de943176e74\" role=\"alert\" aria-live=\"assertive\"><\/span><\/div><\/strong><\/p>\n\n\n\n<p style=\"color:#ff0000;text-align:center\" class=\"has-text-color\">Apr\u00e8s inscription, vous recevrez un mail pour valider votre abonnement via un lien.<\/p>\n","protected":false},"excerpt":{"rendered":"<p>Vous pouvez d\u00e9sormais vous inscrire pour recevoir directement par mail les derni\u00e8res informations en une du site. Apr\u00e8s inscription, vous recevrez un mail pour valider votre abonnement via un lien.<\/p>\n","protected":false},"author":1,"featured_media":0,"parent":0,"menu_order":0,"comment_status":"closed","ping_status":"closed","template":"","meta":{"footnotes":""},"class_list":["post-2952","page","type-page","status-publish","hentry","gallery-content-unit"],"post_mailing_queue_ids":[],"_links":{"self":[{"href":"https:\/\/www.hgc-reims.com\/index.php?rest_route=\/wp\/v2\/pages\/2952","targetHints":{"allow":["GET"]}}],"collection":[{"href":"https:\/\/www.hgc-reims.com\/index.php?rest_route=\/wp\/v2\/pages"}],"about":[{"href":"https:\/\/www.hgc-reims.com\/index.php?rest_route=\/wp\/v2\/types\/page"}],"author":[{"embeddable":true,"href":"https:\/\/www.hgc-reims.com\/index.php?rest_route=\/wp\/v2\/users\/1"}],"replies":[{"embeddable":true,"href":"https:\/\/www.hgc-reims.com\/index.php?rest_route=%2Fwp%2Fv2%2Fcomments&post=2952"}],"version-history":[{"count":10,"href":"https:\/\/www.hgc-reims.com\/index.php?rest_route=\/wp\/v2\/pages\/2952\/revisions"}],"predecessor-version":[{"id":3614,"href":"https:\/\/www.hgc-reims.com\/index.php?rest_route=\/wp\/v2\/pages\/2952\/revisions\/3614"}],"wp:attachment":[{"href":"https:\/\/www.hgc-reims.com\/index.php?rest_route=%2Fwp%2Fv2%2Fmedia&parent=2952"}],"curies":[{"name":"wp","href":"https:\/\/api.w.org\/{rel}","templated":true}]}}