{"id":285,"date":"2015-10-11T18:12:12","date_gmt":"2015-10-11T16:12:12","guid":{"rendered":"http:\/\/hgcreimsmo.cluster005.ovh.net\/?page_id=285"},"modified":"2018-04-29T15:54:57","modified_gmt":"2018-04-29T13:54:57","slug":"vodelee","status":"publish","type":"page","link":"https:\/\/www.hgc-reims.com\/?page_id=285","title":{"rendered":"Carri\u00e8re de Vodel\u00e9e"},"content":{"rendered":"<p>6\u20ac \/plong\u00e9e \u00a0\u00a0\u00a0\u00a0\u00a0\u00a0\u00a0\u00a0\u00a0\u00a0\u00a0\u00a0 gonflage 3\u20ac<\/p>\n<ul>\n<li><a href=\"http:\/\/www.hgc-reims.com\/wp-content\/uploads\/2015\/10\/RI-RCAS-Vodel\u00e9e-01-2018.pdf\" target=\"_blank\" rel=\"noopener\">R\u00e8glement Int\u00e9rieur RCAS Vodel\u00e9e<\/a><\/li>\n<li><a href=\"http:\/\/www.hgc-reims.com\/wp-content\/uploads\/2015\/10\/La_SECURITE_active_a_Vodele_e.pdf.pdf\" target=\"_blank\" rel=\"noopener\">Plan de s\u00e9curit\u00e9 de surface<\/a><\/li>\n<li><a href=\"http:\/\/www.hgc-reims.com\/wp-content\/uploads\/2015\/10\/Vodel\u00e9e-recycleurs.docx\" target=\"_blank\" rel=\"noopener\">Infos pour les plongeuses et plongeurs recycleur<\/a><\/li>\n<\/ul>\n<table>\n<tbody>\n<tr>\n<td style=\"text-align: justify;\"><a href=\"http:\/\/hgcreimsmo.cluster005.ovh.net\/wp-content\/uploads\/2015\/10\/Vodel\u00e9e-10.jpg\" rel=\"attachment wp-att-766\"><img loading=\"lazy\" decoding=\"async\" class=\"alignnone size-medium wp-image-766\" src=\"http:\/\/hgcreimsmo.cluster005.ovh.net\/wp-content\/uploads\/2015\/10\/Vodel\u00e9e-10-300x217.jpg\" alt=\"Vodel\u00e9e 10\" width=\"300\" height=\"217\" srcset=\"https:\/\/www.hgc-reims.com\/wp-content\/uploads\/2015\/10\/Vodel\u00e9e-10-300x217.jpg 300w, https:\/\/www.hgc-reims.com\/wp-content\/uploads\/2015\/10\/Vodel\u00e9e-10.jpg 725w\" sizes=\"auto, (max-width: 300px) 100vw, 300px\" \/><\/a><\/td>\n<td style=\"text-align: justify;\"><a href=\"http:\/\/hgcreimsmo.cluster005.ovh.net\/wp-content\/uploads\/2015\/09\/planvodelee2.jpg\"><img loading=\"lazy\" decoding=\"async\" class=\"alignnone size-medium wp-image-286\" src=\"http:\/\/hgcreimsmo.cluster005.ovh.net\/wp-content\/uploads\/2015\/09\/planvodelee2-300x273.jpg\" alt=\"planvodelee2\" width=\"300\" height=\"273\" srcset=\"https:\/\/www.hgc-reims.com\/wp-content\/uploads\/2015\/09\/planvodelee2-300x273.jpg 300w, https:\/\/www.hgc-reims.com\/wp-content\/uploads\/2015\/09\/planvodelee2-1024x931.jpg 1024w\" sizes=\"auto, (max-width: 300px) 100vw, 300px\" \/><\/a><\/td>\n<\/tr>\n<\/tbody>\n<\/table>\n<p>[put_wpgm id=2]<\/p>\n","protected":false},"excerpt":{"rendered":"<p>6\u20ac \/plong\u00e9e \u00a0\u00a0\u00a0\u00a0\u00a0\u00a0\u00a0\u00a0\u00a0\u00a0\u00a0\u00a0 gonflage 3\u20ac R\u00e8glement Int\u00e9rieur RCAS Vodel\u00e9e Plan de s\u00e9curit\u00e9 de surface Infos pour les plongeuses et plongeurs recycleur [put_wpgm id=2]<\/p>\n","protected":false},"author":1,"featured_media":0,"parent":397,"menu_order":0,"comment_status":"closed","ping_status":"closed","template":"","meta":{"footnotes":""},"class_list":["post-285","page","type-page","status-publish","hentry","gallery-content-unit"],"post_mailing_queue_ids":[],"_links":{"self":[{"href":"https:\/\/www.hgc-reims.com\/index.php?rest_route=\/wp\/v2\/pages\/285","targetHints":{"allow":["GET"]}}],"collection":[{"href":"https:\/\/www.hgc-reims.com\/index.php?rest_route=\/wp\/v2\/pages"}],"about":[{"href":"https:\/\/www.hgc-reims.com\/index.php?rest_route=\/wp\/v2\/types\/page"}],"author":[{"embeddable":true,"href":"https:\/\/www.hgc-reims.com\/index.php?rest_route=\/wp\/v2\/users\/1"}],"replies":[{"embeddable":true,"href":"https:\/\/www.hgc-reims.com\/index.php?rest_route=%2Fwp%2Fv2%2Fcomments&post=285"}],"version-history":[{"count":11,"href":"https:\/\/www.hgc-reims.com\/index.php?rest_route=\/wp\/v2\/pages\/285\/revisions"}],"predecessor-version":[{"id":2572,"href":"https:\/\/www.hgc-reims.com\/index.php?rest_route=\/wp\/v2\/pages\/285\/revisions\/2572"}],"up":[{"embeddable":true,"href":"https:\/\/www.hgc-reims.com\/index.php?rest_route=\/wp\/v2\/pages\/397"}],"wp:attachment":[{"href":"https:\/\/www.hgc-reims.com\/index.php?rest_route=%2Fwp%2Fv2%2Fmedia&parent=285"}],"curies":[{"name":"wp","href":"https:\/\/api.w.org\/{rel}","templated":true}]}}