{"id":25,"date":"2015-08-30T09:09:31","date_gmt":"2015-08-30T07:09:31","guid":{"rendered":"http:\/\/hgcreimsmo.cluster005.ovh.net\/?page_id=25"},"modified":"2018-01-29T21:15:57","modified_gmt":"2018-01-29T20:15:57","slug":"mediatheque","status":"publish","type":"page","link":"https:\/\/www.hgc-reims.com\/?page_id=25","title":{"rendered":"M\u00e9diath\u00e8que"},"content":{"rendered":"<p style=\"text-align: center;\">LA MEDIATHEQUE DES HGC REIMS<br \/>\n<a href=\"http:\/\/www.hgc-reims.com\/wp-content\/uploads\/2015\/08\/DSCF1319.jpg\" rel=\"attachment wp-att-953\"><img loading=\"lazy\" decoding=\"async\" class=\"wp-image-953 aligncenter\" src=\"http:\/\/www.hgc-reims.com\/wp-content\/uploads\/2015\/08\/DSCF1319-300x225.jpg\" alt=\"DSCF1319+\" width=\"280\" height=\"210\" srcset=\"https:\/\/www.hgc-reims.com\/wp-content\/uploads\/2015\/08\/DSCF1319-300x225.jpg 300w, https:\/\/www.hgc-reims.com\/wp-content\/uploads\/2015\/08\/DSCF1319-768x576.jpg 768w, https:\/\/www.hgc-reims.com\/wp-content\/uploads\/2015\/08\/DSCF1319-1024x768.jpg 1024w, https:\/\/www.hgc-reims.com\/wp-content\/uploads\/2015\/08\/DSCF1319.jpg 1296w\" sizes=\"auto, (max-width: 280px) 100vw, 280px\" \/><\/a><\/p>\n<p>Le Club des HGC Reims met gratuitement \u00e0 disposition des adh\u00e9rents des livres et des videos .On y trouve non seulement de nombreux ouvrages de biologie mais aussi d\u2019autres bouquins sur des sujets vari\u00e9s comme la pr\u00e9paration d\u2019un niveau de plongeur , la m\u00e9decine , l\u2019apn\u00e9e , l\u2019histoire de la plong\u00e9e \u2026 etc .<br \/>\nPour en disposer, contacter les responsables afin qu\u2019ils vous ouvrent l\u2019armoire qui est situ\u00e9e dans le local p\u00e9dagogique.<\/p>\n<p><img loading=\"lazy\" decoding=\"async\" class=\" wp-image-954 alignleft\" src=\"http:\/\/www.hgc-reims.com\/wp-content\/uploads\/2015\/08\/DSCF1321-300x225.jpg\" alt=\"DSCF1321+\" width=\"239\" height=\"179\" srcset=\"https:\/\/www.hgc-reims.com\/wp-content\/uploads\/2015\/08\/DSCF1321-300x225.jpg 300w, https:\/\/www.hgc-reims.com\/wp-content\/uploads\/2015\/08\/DSCF1321-768x576.jpg 768w, https:\/\/www.hgc-reims.com\/wp-content\/uploads\/2015\/08\/DSCF1321-1024x768.jpg 1024w, https:\/\/www.hgc-reims.com\/wp-content\/uploads\/2015\/08\/DSCF1321.jpg 1296w\" sizes=\"auto, (max-width: 239px) 100vw, 239px\" \/><\/p>\n<p>Quelques recommandations pour l\u2019emprunt :<br \/>\nRemplissez la fiche correspondante (Num\u00e9ro sur la couverture ou la tranche ) en y \u00e9crivant votre nom et la date de sortie et d\u00e9posez l\u00e0 dans la boite \u00e0 fiches marqu\u00e9e \u00ab SORTI \u00bb .<\/p>\n<p>Ne gardez pas le livre plus d\u2019un mois : D\u2019autres adh\u00e9rents attendent\u00a0 peut \u00eatre apr\u00e8s pour pr\u00e9parer leurs futures plong\u00e9es \u2026<br \/>\nPrenez en soin en le prot\u00e9geant de l\u2019humidit\u00e9 chlor\u00e9e des sacs de plong\u00e9e par un sac plastique.<\/p>\n<p>Au retour, reprenez la fiche dans la boite \u00ab SORTI \u00bb, inscrivez-y la date et rangez l\u00e0 dans la boite \u00ab DISPONIBLE \u00bb.<\/p>\n<p><img loading=\"lazy\" decoding=\"async\" class=\"wp-image-955 alignright\" src=\"http:\/\/www.hgc-reims.com\/wp-content\/uploads\/2015\/08\/DSCF1322-300x223.jpg\" alt=\"DSCF1322+\" width=\"210\" height=\"156\" srcset=\"https:\/\/www.hgc-reims.com\/wp-content\/uploads\/2015\/08\/DSCF1322-300x223.jpg 300w, https:\/\/www.hgc-reims.com\/wp-content\/uploads\/2015\/08\/DSCF1322-768x572.jpg 768w, https:\/\/www.hgc-reims.com\/wp-content\/uploads\/2015\/08\/DSCF1322-1024x762.jpg 1024w, https:\/\/www.hgc-reims.com\/wp-content\/uploads\/2015\/08\/DSCF1322.jpg 1194w\" sizes=\"auto, (max-width: 210px) 100vw, 210px\" \/><\/p>\n<p style=\"text-align: left;\"><a href=\"http:\/\/www.hgc-reims.com\/wp-content\/uploads\/2015\/08\/BIBLIOHGC-V09.pdf\" target=\"_blank\" rel=\"noopener\">Voici le listing des livres disponibles.<\/a><\/p>\n<p>Nous sommes attentifs \u00e0 vos suggestions d\u2019acquisition\u00a0 \u2026<\/p>\n<p>&nbsp;<\/p>\n","protected":false},"excerpt":{"rendered":"<p>LA MEDIATHEQUE DES HGC REIMS Le Club des HGC Reims met gratuitement \u00e0 disposition des adh\u00e9rents des livres et des videos .On y trouve non seulement de nombreux ouvrages de biologie mais aussi d\u2019autres bouquins sur des sujets vari\u00e9s comme la pr\u00e9paration d\u2019un niveau de plongeur , la m\u00e9decine , l\u2019apn\u00e9e , l\u2019histoire de la &hellip; <a href=\"https:\/\/www.hgc-reims.com\/?page_id=25\" class=\"more-link\">Continuer la lecture de <span class=\"screen-reader-text\">M\u00e9diath\u00e8que<\/span>  <span class=\"meta-nav\">&rarr;<\/span><\/a><\/p>\n","protected":false},"author":1,"featured_media":0,"parent":18,"menu_order":0,"comment_status":"closed","ping_status":"closed","template":"page-templates\/full-width.php","meta":{"footnotes":""},"class_list":["post-25","page","type-page","status-publish","hentry","gallery-content-unit"],"post_mailing_queue_ids":[],"_links":{"self":[{"href":"https:\/\/www.hgc-reims.com\/index.php?rest_route=\/wp\/v2\/pages\/25","targetHints":{"allow":["GET"]}}],"collection":[{"href":"https:\/\/www.hgc-reims.com\/index.php?rest_route=\/wp\/v2\/pages"}],"about":[{"href":"https:\/\/www.hgc-reims.com\/index.php?rest_route=\/wp\/v2\/types\/page"}],"author":[{"embeddable":true,"href":"https:\/\/www.hgc-reims.com\/index.php?rest_route=\/wp\/v2\/users\/1"}],"replies":[{"embeddable":true,"href":"https:\/\/www.hgc-reims.com\/index.php?rest_route=%2Fwp%2Fv2%2Fcomments&post=25"}],"version-history":[{"count":8,"href":"https:\/\/www.hgc-reims.com\/index.php?rest_route=\/wp\/v2\/pages\/25\/revisions"}],"predecessor-version":[{"id":2388,"href":"https:\/\/www.hgc-reims.com\/index.php?rest_route=\/wp\/v2\/pages\/25\/revisions\/2388"}],"up":[{"embeddable":true,"href":"https:\/\/www.hgc-reims.com\/index.php?rest_route=\/wp\/v2\/pages\/18"}],"wp:attachment":[{"href":"https:\/\/www.hgc-reims.com\/index.php?rest_route=%2Fwp%2Fv2%2Fmedia&parent=25"}],"curies":[{"name":"wp","href":"https:\/\/api.w.org\/{rel}","templated":true}]}}