{"id":232,"date":"2015-09-14T21:24:42","date_gmt":"2015-09-14T19:24:42","guid":{"rendered":"http:\/\/hgcreimsmo.cluster005.ovh.net\/?page_id=232"},"modified":"2015-09-14T22:19:34","modified_gmt":"2015-09-14T20:19:34","slug":"specialites","status":"publish","type":"page","link":"https:\/\/www.hgc-reims.com\/?page_id=232","title":{"rendered":"Sp\u00e9cialit\u00e9s NAP"},"content":{"rendered":"<ul>\n<li>La nage en surface<\/li>\n<\/ul>\n<p>Elle se pratique aussi bien en piscine qu&rsquo;en milieu naturel.<\/p>\n<ul>\n<li>La nage en apn\u00e9e<\/li>\n<\/ul>\n<p>Le nageur se d\u00e9place sous l&rsquo;eau sans apport d&rsquo;air sur une distance maximale de 50 m<\/p>\n<ul>\n<li>L&rsquo;immersion en scaphandre<\/li>\n<\/ul>\n<p>Le nageur se d\u00e9place sous l&rsquo;eau et respire gr\u00e2ce \u00e0 une bouteille d&rsquo;air comprim\u00e9 sur une distance maximale de 800 m\u00a0.<\/p>\n<p>Vous souhaitez des informations compl\u00e9mentaires, contactez- nous.<\/p>\n<p>&nbsp;<\/p>\n","protected":false},"excerpt":{"rendered":"<p>La nage en surface Elle se pratique aussi bien en piscine qu&rsquo;en milieu naturel. La nage en apn\u00e9e Le nageur se d\u00e9place sous l&rsquo;eau sans apport d&rsquo;air sur une distance maximale de 50 m L&rsquo;immersion en scaphandre Le nageur se d\u00e9place sous l&rsquo;eau et respire gr\u00e2ce \u00e0 une bouteille d&rsquo;air comprim\u00e9 sur une distance maximale &hellip; <a href=\"https:\/\/www.hgc-reims.com\/?page_id=232\" class=\"more-link\">Continuer la lecture de <span class=\"screen-reader-text\">Sp\u00e9cialit\u00e9s NAP<\/span>  <span class=\"meta-nav\">&rarr;<\/span><\/a><\/p>\n","protected":false},"author":1,"featured_media":0,"parent":229,"menu_order":0,"comment_status":"closed","ping_status":"closed","template":"page-templates\/full-width.php","meta":{"footnotes":""},"class_list":["post-232","page","type-page","status-publish","hentry","gallery-content-unit"],"post_mailing_queue_ids":[],"_links":{"self":[{"href":"https:\/\/www.hgc-reims.com\/index.php?rest_route=\/wp\/v2\/pages\/232","targetHints":{"allow":["GET"]}}],"collection":[{"href":"https:\/\/www.hgc-reims.com\/index.php?rest_route=\/wp\/v2\/pages"}],"about":[{"href":"https:\/\/www.hgc-reims.com\/index.php?rest_route=\/wp\/v2\/types\/page"}],"author":[{"embeddable":true,"href":"https:\/\/www.hgc-reims.com\/index.php?rest_route=\/wp\/v2\/users\/1"}],"replies":[{"embeddable":true,"href":"https:\/\/www.hgc-reims.com\/index.php?rest_route=%2Fwp%2Fv2%2Fcomments&post=232"}],"version-history":[{"count":5,"href":"https:\/\/www.hgc-reims.com\/index.php?rest_route=\/wp\/v2\/pages\/232\/revisions"}],"predecessor-version":[{"id":254,"href":"https:\/\/www.hgc-reims.com\/index.php?rest_route=\/wp\/v2\/pages\/232\/revisions\/254"}],"up":[{"embeddable":true,"href":"https:\/\/www.hgc-reims.com\/index.php?rest_route=\/wp\/v2\/pages\/229"}],"wp:attachment":[{"href":"https:\/\/www.hgc-reims.com\/index.php?rest_route=%2Fwp%2Fv2%2Fmedia&parent=232"}],"curies":[{"name":"wp","href":"https:\/\/api.w.org\/{rel}","templated":true}]}}