{"id":229,"date":"2015-09-14T21:23:42","date_gmt":"2015-09-14T19:23:42","guid":{"rendered":"http:\/\/hgcreimsmo.cluster005.ovh.net\/?page_id=229"},"modified":"2021-09-17T15:19:46","modified_gmt":"2021-09-17T13:19:46","slug":"nage-avec-palmes","status":"publish","type":"page","link":"https:\/\/www.hgc-reims.com\/?page_id=229","title":{"rendered":"Nage avec Palmes"},"content":{"rendered":"<p><u>Pr\u00e9sentation<\/u><\/p>\n<p>La nage avec palmes est une discipline sportive de la FFESSM qui se pratique en loisir comme en comp\u00e9tition.<\/p>\n<p>Cr\u00e9\u00e9e en 1962 au sein de la f\u00e9d\u00e9ration, la nage avec palmes est reconnue par le Comit\u00e9 Sportif Olympique, mais il n&rsquo;existe pas malheureusement d&rsquo;\u00e9preuves aux Jeux.<\/p>\n<p>La nage avec palmes est un sport de glisse qui vous procurera plaisir de nager et de relaxation, une recherche de bien-\u00eatre qui peut se combiner avec la performance.<\/p>\n<p>Au sein de la commission, il est possible de pratiquer en bi-palmes ou en mono-palmes, en piscine ou en milieu naturel.<\/p>\n<p>Une bonne ma\u00eetrise du palmage ouvre les portes de toutes les disciplines repr\u00e9sent\u00e9es par la f\u00e9d\u00e9ration\u00a0:<\/p>\n<ul>\n<li>activit\u00e9 de loisir<\/li>\n<li>objectif sportif<\/li>\n<li>entretien de fond des plongeurs<\/li>\n<li>apprentissage de l&rsquo;apn\u00e9e<\/li>\n<\/ul>\n<table>\n<tbody>\n<tr>\n<td><a href=\"http:\/\/www.hgc-reims.com\/wp-content\/uploads\/2015\/09\/Manuela.jpg\" rel=\"attachment wp-att-737\"><img loading=\"lazy\" decoding=\"async\" class=\"wp-image-737 aligncenter\" src=\"http:\/\/www.hgc-reims.com\/wp-content\/uploads\/2015\/09\/Manuela-292x300.jpg\" alt=\"Manuela\" width=\"218\" height=\"224\" srcset=\"https:\/\/www.hgc-reims.com\/wp-content\/uploads\/2015\/09\/Manuela-292x300.jpg 292w, https:\/\/www.hgc-reims.com\/wp-content\/uploads\/2015\/09\/Manuela.jpg 694w\" sizes=\"auto, (max-width: 218px) 100vw, 218px\" \/><\/a><\/td>\n<\/tr>\n<tr>\n<td style=\"text-align: center;\">Manuela Fresne<\/td>\n<\/tr>\n<tr>\n<td style=\"text-align: center;\">Coordinatrice<br \/>\nNage Avec Palmes (NAP)<\/td>\n<\/tr>\n<\/tbody>\n<\/table>\n","protected":false},"excerpt":{"rendered":"<p>Pr\u00e9sentation La nage avec palmes est une discipline sportive de la FFESSM qui se pratique en loisir comme en comp\u00e9tition. Cr\u00e9\u00e9e en 1962 au sein de la f\u00e9d\u00e9ration, la nage avec palmes est reconnue par le Comit\u00e9 Sportif Olympique, mais il n&rsquo;existe pas malheureusement d&rsquo;\u00e9preuves aux Jeux. La nage avec palmes est un sport de &hellip; <a href=\"https:\/\/www.hgc-reims.com\/?page_id=229\" class=\"more-link\">Continuer la lecture de <span class=\"screen-reader-text\">Nage avec Palmes<\/span>  <span class=\"meta-nav\">&rarr;<\/span><\/a><\/p>\n","protected":false},"author":1,"featured_media":0,"parent":0,"menu_order":0,"comment_status":"closed","ping_status":"closed","template":"page-templates\/full-width.php","meta":{"footnotes":""},"class_list":["post-229","page","type-page","status-publish","hentry","gallery-content-unit"],"post_mailing_queue_ids":[],"_links":{"self":[{"href":"https:\/\/www.hgc-reims.com\/index.php?rest_route=\/wp\/v2\/pages\/229","targetHints":{"allow":["GET"]}}],"collection":[{"href":"https:\/\/www.hgc-reims.com\/index.php?rest_route=\/wp\/v2\/pages"}],"about":[{"href":"https:\/\/www.hgc-reims.com\/index.php?rest_route=\/wp\/v2\/types\/page"}],"author":[{"embeddable":true,"href":"https:\/\/www.hgc-reims.com\/index.php?rest_route=\/wp\/v2\/users\/1"}],"replies":[{"embeddable":true,"href":"https:\/\/www.hgc-reims.com\/index.php?rest_route=%2Fwp%2Fv2%2Fcomments&post=229"}],"version-history":[{"count":9,"href":"https:\/\/www.hgc-reims.com\/index.php?rest_route=\/wp\/v2\/pages\/229\/revisions"}],"predecessor-version":[{"id":4260,"href":"https:\/\/www.hgc-reims.com\/index.php?rest_route=\/wp\/v2\/pages\/229\/revisions\/4260"}],"wp:attachment":[{"href":"https:\/\/www.hgc-reims.com\/index.php?rest_route=%2Fwp%2Fv2%2Fmedia&parent=229"}],"curies":[{"name":"wp","href":"https:\/\/api.w.org\/{rel}","templated":true}]}}