{"id":21,"date":"2015-08-30T09:07:21","date_gmt":"2015-08-30T07:07:21","guid":{"rendered":"http:\/\/hgcreimsmo.cluster005.ovh.net\/?page_id=21"},"modified":"2021-10-05T14:57:27","modified_gmt":"2021-10-05T12:57:27","slug":"actus-bio","status":"publish","type":"page","link":"https:\/\/www.hgc-reims.com\/?page_id=21","title":{"rendered":"Infos-Bio"},"content":{"rendered":"<p style=\"text-align: center;\"><a href=\"https:\/\/www.hgc-reims.com\/wp-content\/uploads\/2021\/10\/porte-voix-grenouille-HGCR-BIO.jpg\"><img loading=\"lazy\" decoding=\"async\" class=\"alignnone  wp-image-4319\" src=\"https:\/\/www.hgc-reims.com\/wp-content\/uploads\/2021\/10\/porte-voix-grenouille-HGCR-BIO.jpg\" alt=\"\" width=\"115\" height=\"197\" srcset=\"https:\/\/www.hgc-reims.com\/wp-content\/uploads\/2021\/10\/porte-voix-grenouille-HGCR-BIO.jpg 244w, https:\/\/www.hgc-reims.com\/wp-content\/uploads\/2021\/10\/porte-voix-grenouille-HGCR-BIO-175x300.jpg 175w\" sizes=\"auto, (max-width: 115px) 100vw, 115px\" \/><\/a><\/p>\n<p>Environnement et Biologie subaquatiques et obtenir les infos !<br \/>\nComme les autres commissions de la FFESSM , les infos sont \u00e0 trouver au niveau National sur <a href=\"http:\/\/biologie.ffessm.fr\/\" target=\"_blank\" rel=\"noopener\">http:\/\/biologie.ffessm.fr\/<\/a>.<\/p>\n<p>En dessous du niveau National , il est conseill\u00e9 de regarder au niveau des R\u00e9gions et pas seulement de la notre ! Notre r\u00e9gion est consultable sur le <a href=\"http:\/\/ffessmest.fr\/\" target=\"_blank\" rel=\"noopener\">site r\u00e9gional<\/a> et la commission Bio dans la rubrique \u00ab\u00a0NOS COMMISSIONS &gt; Environnement et Bio\u00a0\u00bb.<\/p>\n<p>Il n&rsquo;y a pas de commission au niveau du d\u00e9partement mais elles existent dans les d\u00e9partements proches ( par exemple,\u00a0 les Ardennes , le Pas de calais &#8230;) &#8230; N&rsquo;hesitez pas \u00e0 les consulter car les activit\u00e9s propos\u00e9es dans un d\u00e9partement sont ouvertes \u00e0 tout plongeur licenci\u00e9.<\/p>\n<p>Pour garder le contact, h\u00e9sitez pas \u00e0 suivre les infos bio avec le tag <a href=\"http:\/\/www.hgc-reims.com\/?tag=bio\">Bio<\/a> \u00a0!<\/p>\n","protected":false},"excerpt":{"rendered":"<p>Environnement et Biologie subaquatiques et obtenir les infos ! Comme les autres commissions de la FFESSM , les infos sont \u00e0 trouver au niveau National sur http:\/\/biologie.ffessm.fr\/. En dessous du niveau National , il est conseill\u00e9 de regarder au niveau des R\u00e9gions et pas seulement de la notre ! Notre r\u00e9gion est consultable sur le &hellip; <a href=\"https:\/\/www.hgc-reims.com\/?page_id=21\" class=\"more-link\">Continuer la lecture de <span class=\"screen-reader-text\">Infos-Bio<\/span>  <span class=\"meta-nav\">&rarr;<\/span><\/a><\/p>\n","protected":false},"author":1,"featured_media":0,"parent":18,"menu_order":0,"comment_status":"closed","ping_status":"closed","template":"page-templates\/full-width.php","meta":{"footnotes":""},"class_list":["post-21","page","type-page","status-publish","hentry","gallery-content-unit"],"post_mailing_queue_ids":[],"_links":{"self":[{"href":"https:\/\/www.hgc-reims.com\/index.php?rest_route=\/wp\/v2\/pages\/21","targetHints":{"allow":["GET"]}}],"collection":[{"href":"https:\/\/www.hgc-reims.com\/index.php?rest_route=\/wp\/v2\/pages"}],"about":[{"href":"https:\/\/www.hgc-reims.com\/index.php?rest_route=\/wp\/v2\/types\/page"}],"author":[{"embeddable":true,"href":"https:\/\/www.hgc-reims.com\/index.php?rest_route=\/wp\/v2\/users\/1"}],"replies":[{"embeddable":true,"href":"https:\/\/www.hgc-reims.com\/index.php?rest_route=%2Fwp%2Fv2%2Fcomments&post=21"}],"version-history":[{"count":10,"href":"https:\/\/www.hgc-reims.com\/index.php?rest_route=\/wp\/v2\/pages\/21\/revisions"}],"predecessor-version":[{"id":4322,"href":"https:\/\/www.hgc-reims.com\/index.php?rest_route=\/wp\/v2\/pages\/21\/revisions\/4322"}],"up":[{"embeddable":true,"href":"https:\/\/www.hgc-reims.com\/index.php?rest_route=\/wp\/v2\/pages\/18"}],"wp:attachment":[{"href":"https:\/\/www.hgc-reims.com\/index.php?rest_route=%2Fwp%2Fv2%2Fmedia&parent=21"}],"curies":[{"name":"wp","href":"https:\/\/api.w.org\/{rel}","templated":true}]}}