{"id":202,"date":"2015-09-13T20:55:47","date_gmt":"2015-09-13T18:55:47","guid":{"rendered":"http:\/\/hgcreimsmo.cluster005.ovh.net\/?page_id=202"},"modified":"2024-10-14T15:33:47","modified_gmt":"2024-10-14T13:33:47","slug":"faire-un-bapteme","status":"publish","type":"page","link":"https:\/\/www.hgc-reims.com\/?page_id=202","title":{"rendered":"Bapt\u00eame"},"content":{"rendered":"<h5>Vous souhaitez d\u00e9couvrir la plong\u00e9e, nous vous attendons !<\/h5>\n<p>Le mercredi soir et le vendredi soir, \u00e0 la piscine Orgeval, le club des HGC Reims organise des bapt\u00eames\u00a0 pour adultes et<strong> enfants \u00e0 partir de 8 ans<\/strong>. <strong>Attention : vous devez \u00eatre en capacit\u00e9 d&rsquo;effectuer dans l&rsquo;eau 50m sur le ventre ou sur le dos sans vous accrocher au bord du bassin. <\/strong>Un moniteur exp\u00e9riment\u00e9 vous fera d\u00e9couvrir le milieu subaquatique dans des conditions optimales de confort et de s\u00e9curit\u00e9.<\/p>\n<h4>Vous avez envie de tenter l&rsquo;exp\u00e9rience &#8230;<\/h4>\n<p>Prenez contact avec Virginie afin de d\u00e9terminer ensemble , une date pour votre bapt\u00eame,\u00a0 <span style=\"text-decoration: underline;\">pensez \u00e0 venir avec un bonnet de bain, c\u2019est obligatoire.<\/span><\/p>\n<p><img loading=\"lazy\" decoding=\"async\" class=\"alignnone \" src=\"https:\/\/www.hgc-reims.com\/wp-content\/uploads\/2023\/05\/IMG_3979.jpg\" width=\"227\" height=\"227\" \/><\/p>\n<p><a href=\"http:\/\/www.hgc-reims.com\/?page_id=266\">Via le formulaire de demande de bapt\u00eame<\/a><\/p>\n<p>Par t\u00e9l\u00e9phone : 06.37.05.05.22<\/p>\n<p>A l&rsquo;issue de votre bapt\u00eame, un certificat vous sera remis. Si vous souhaitez vous inscrire au club et continuer cette activit\u00e9 passionnante que nous partagerons avec vous, toutes les informations vous serons communiqu\u00e9es.<\/p>\n<p><strong>Attention :<\/strong> les mineurs devront \u00eatre accompagn\u00e9s d&rsquo;une personne d\u00e9tentrice de l&rsquo;autorit\u00e9 parentale\u00a0qui doit remplir et signer l\u2019autorisation parentale (<a href=\"http:\/\/www.hgc-reims.com\/wp-content\/uploads\/2015\/09\/autorisation-parentale.pdf\" target=\"_blank\" rel=\"noopener\">ci-jointe<\/a>).<\/p>\n<p>Les accompagnants peuvent venir au bord du bassin en maillot de bain.<\/p>\n<p><a href=\"http:\/\/www.hgc-reims.com\/wp-content\/uploads\/2015\/09\/bapteme01.jpg\"><img loading=\"lazy\" decoding=\"async\" class=\"alignnone size-medium wp-image-206\" src=\"http:\/\/www.hgc-reims.com\/wp-content\/uploads\/2015\/09\/bapteme01-225x300.jpg\" alt=\"bapteme01\" width=\"225\" height=\"300\" srcset=\"https:\/\/www.hgc-reims.com\/wp-content\/uploads\/2015\/09\/bapteme01-225x300.jpg 225w, https:\/\/www.hgc-reims.com\/wp-content\/uploads\/2015\/09\/bapteme01.jpg 338w\" sizes=\"auto, (max-width: 225px) 100vw, 225px\" \/><\/a> <a href=\"http:\/\/www.hgc-reims.com\/wp-content\/uploads\/2015\/09\/bapteme02.jpg\"><img loading=\"lazy\" decoding=\"async\" class=\"alignnone size-medium wp-image-207\" src=\"http:\/\/www.hgc-reims.com\/wp-content\/uploads\/2015\/09\/bapteme02-225x300.jpg\" alt=\"bapteme02\" width=\"225\" height=\"300\" srcset=\"https:\/\/www.hgc-reims.com\/wp-content\/uploads\/2015\/09\/bapteme02-225x300.jpg 225w, https:\/\/www.hgc-reims.com\/wp-content\/uploads\/2015\/09\/bapteme02.jpg 338w\" sizes=\"auto, (max-width: 225px) 100vw, 225px\" \/><\/a><\/p>\n","protected":false},"excerpt":{"rendered":"<p>Vous souhaitez d\u00e9couvrir la plong\u00e9e, nous vous attendons ! Le mercredi soir et le vendredi soir, \u00e0 la piscine Orgeval, le club des HGC Reims organise des bapt\u00eames\u00a0 pour adultes et enfants \u00e0 partir de 8 ans. Attention : vous devez \u00eatre en capacit\u00e9 d&rsquo;effectuer dans l&rsquo;eau 50m sur le ventre ou sur le dos &hellip; <a href=\"https:\/\/www.hgc-reims.com\/?page_id=202\" class=\"more-link\">Continuer la lecture de <span class=\"screen-reader-text\">Bapt\u00eame<\/span>  <span class=\"meta-nav\">&rarr;<\/span><\/a><\/p>\n","protected":false},"author":1,"featured_media":0,"parent":0,"menu_order":0,"comment_status":"closed","ping_status":"closed","template":"page-templates\/full-width.php","meta":{"footnotes":""},"class_list":["post-202","page","type-page","status-publish","hentry","gallery-content-unit"],"post_mailing_queue_ids":[],"_links":{"self":[{"href":"https:\/\/www.hgc-reims.com\/index.php?rest_route=\/wp\/v2\/pages\/202","targetHints":{"allow":["GET"]}}],"collection":[{"href":"https:\/\/www.hgc-reims.com\/index.php?rest_route=\/wp\/v2\/pages"}],"about":[{"href":"https:\/\/www.hgc-reims.com\/index.php?rest_route=\/wp\/v2\/types\/page"}],"author":[{"embeddable":true,"href":"https:\/\/www.hgc-reims.com\/index.php?rest_route=\/wp\/v2\/users\/1"}],"replies":[{"embeddable":true,"href":"https:\/\/www.hgc-reims.com\/index.php?rest_route=%2Fwp%2Fv2%2Fcomments&post=202"}],"version-history":[{"count":18,"href":"https:\/\/www.hgc-reims.com\/index.php?rest_route=\/wp\/v2\/pages\/202\/revisions"}],"predecessor-version":[{"id":6426,"href":"https:\/\/www.hgc-reims.com\/index.php?rest_route=\/wp\/v2\/pages\/202\/revisions\/6426"}],"wp:attachment":[{"href":"https:\/\/www.hgc-reims.com\/index.php?rest_route=%2Fwp%2Fv2%2Fmedia&parent=202"}],"curies":[{"name":"wp","href":"https:\/\/api.w.org\/{rel}","templated":true}]}}