{"id":200,"date":"2015-09-13T20:54:11","date_gmt":"2015-09-13T18:54:11","guid":{"rendered":"http:\/\/hgcreimsmo.cluster005.ovh.net\/?page_id=200"},"modified":"2024-07-17T16:03:39","modified_gmt":"2024-07-17T14:03:39","slug":"initiateur","status":"publish","type":"page","link":"https:\/\/www.hgc-reims.com\/?page_id=200","title":{"rendered":"Initiateur"},"content":{"rendered":"<p>L\u2019examen du brevet d\u2019 Initiateur Club est organis\u00e9 \u00e0 l\u2019\u00e9chelon du club.<\/p>\n<p>La pr\u00e9paration physique et la pr\u00e9paration aux \u00e9preuves de p\u00e9dagogie sont assur\u00e9s pendant nos <a href=\"https:\/\/www.hgc-reims.com\/?page_id=689\">s\u00e9ances d&rsquo;entrainement<\/a>.<\/p>\n\n\n<p><\/p>\n","protected":false},"excerpt":{"rendered":"<p>L\u2019examen du brevet d\u2019 Initiateur Club est organis\u00e9 \u00e0 l\u2019\u00e9chelon du club. La pr\u00e9paration physique et la pr\u00e9paration aux \u00e9preuves de p\u00e9dagogie sont assur\u00e9s pendant nos s\u00e9ances d&rsquo;entrainement.<\/p>\n","protected":false},"author":1,"featured_media":0,"parent":9,"menu_order":0,"comment_status":"closed","ping_status":"closed","template":"page-templates\/full-width.php","meta":{"footnotes":""},"class_list":["post-200","page","type-page","status-publish","hentry","gallery-content-unit"],"post_mailing_queue_ids":[],"_links":{"self":[{"href":"https:\/\/www.hgc-reims.com\/index.php?rest_route=\/wp\/v2\/pages\/200","targetHints":{"allow":["GET"]}}],"collection":[{"href":"https:\/\/www.hgc-reims.com\/index.php?rest_route=\/wp\/v2\/pages"}],"about":[{"href":"https:\/\/www.hgc-reims.com\/index.php?rest_route=\/wp\/v2\/types\/page"}],"author":[{"embeddable":true,"href":"https:\/\/www.hgc-reims.com\/index.php?rest_route=\/wp\/v2\/users\/1"}],"replies":[{"embeddable":true,"href":"https:\/\/www.hgc-reims.com\/index.php?rest_route=%2Fwp%2Fv2%2Fcomments&post=200"}],"version-history":[{"count":8,"href":"https:\/\/www.hgc-reims.com\/index.php?rest_route=\/wp\/v2\/pages\/200\/revisions"}],"predecessor-version":[{"id":6187,"href":"https:\/\/www.hgc-reims.com\/index.php?rest_route=\/wp\/v2\/pages\/200\/revisions\/6187"}],"up":[{"embeddable":true,"href":"https:\/\/www.hgc-reims.com\/index.php?rest_route=\/wp\/v2\/pages\/9"}],"wp:attachment":[{"href":"https:\/\/www.hgc-reims.com\/index.php?rest_route=%2Fwp%2Fv2%2Fmedia&parent=200"}],"curies":[{"name":"wp","href":"https:\/\/api.w.org\/{rel}","templated":true}]}}