{"id":194,"date":"2015-09-13T19:17:17","date_gmt":"2015-09-13T17:17:17","guid":{"rendered":"http:\/\/hgcreimsmo.cluster005.ovh.net\/?page_id=194"},"modified":"2024-07-17T16:02:25","modified_gmt":"2024-07-17T14:02:25","slug":"guide-de-palanquee","status":"publish","type":"page","link":"https:\/\/www.hgc-reims.com\/?page_id=194","title":{"rendered":"Guide de Palanqu\u00e9e"},"content":{"rendered":"<p>L\u2019examen du brevet de Guide de Palanqu\u00e9e rel\u00e8ve de l\u2019autorit\u00e9 de la Commission Technique R\u00e9gionale.<\/p>\n<p>A l\u2019\u00e9chelon du club\u00a0est organis\u00e9:<\/p>\n<p>&#8211; la pr\u00e9paration physique concernant le groupe 1 des \u00e9preuves est assur\u00e9e pendant nos <a href=\"https:\/\/www.hgc-reims.com\/?page_id=689\">s\u00e9ances d&rsquo;entrainement<\/a>.<\/p>\n<p>&#8211; le suivi des aptitudes pr\u00e9alables \u00e0 pr\u00e9senter (C1, C2 et C3)<\/p>\n<p>Pour le groupe 2 des \u00e9preuves, la pr\u00e9paration se fait au travers des sorties organis\u00e9es par la CTD Marne dans laquelle les moniteurs du club s\u2019investissent.<\/p>\n<p>Pour le groupe 3 d\u2019\u00e9preuves, les cours th\u00e9oriques sont assur\u00e9es au sein de la CTD Marne selon un planning annuel.<\/p>\n","protected":false},"excerpt":{"rendered":"<p>L\u2019examen du brevet de Guide de Palanqu\u00e9e rel\u00e8ve de l\u2019autorit\u00e9 de la Commission Technique R\u00e9gionale. A l\u2019\u00e9chelon du club\u00a0est organis\u00e9: &#8211; la pr\u00e9paration physique concernant le groupe 1 des \u00e9preuves est assur\u00e9e pendant nos s\u00e9ances d&rsquo;entrainement. &#8211; le suivi des aptitudes pr\u00e9alables \u00e0 pr\u00e9senter (C1, C2 et C3) Pour le groupe 2 des \u00e9preuves, la &hellip; <a href=\"https:\/\/www.hgc-reims.com\/?page_id=194\" class=\"more-link\">Continuer la lecture de <span class=\"screen-reader-text\">Guide de Palanqu\u00e9e<\/span>  <span class=\"meta-nav\">&rarr;<\/span><\/a><\/p>\n","protected":false},"author":1,"featured_media":0,"parent":9,"menu_order":0,"comment_status":"closed","ping_status":"closed","template":"page-templates\/full-width.php","meta":{"footnotes":""},"class_list":["post-194","page","type-page","status-publish","hentry","gallery-content-unit"],"post_mailing_queue_ids":[],"_links":{"self":[{"href":"https:\/\/www.hgc-reims.com\/index.php?rest_route=\/wp\/v2\/pages\/194","targetHints":{"allow":["GET"]}}],"collection":[{"href":"https:\/\/www.hgc-reims.com\/index.php?rest_route=\/wp\/v2\/pages"}],"about":[{"href":"https:\/\/www.hgc-reims.com\/index.php?rest_route=\/wp\/v2\/types\/page"}],"author":[{"embeddable":true,"href":"https:\/\/www.hgc-reims.com\/index.php?rest_route=\/wp\/v2\/users\/1"}],"replies":[{"embeddable":true,"href":"https:\/\/www.hgc-reims.com\/index.php?rest_route=%2Fwp%2Fv2%2Fcomments&post=194"}],"version-history":[{"count":5,"href":"https:\/\/www.hgc-reims.com\/index.php?rest_route=\/wp\/v2\/pages\/194\/revisions"}],"predecessor-version":[{"id":6185,"href":"https:\/\/www.hgc-reims.com\/index.php?rest_route=\/wp\/v2\/pages\/194\/revisions\/6185"}],"up":[{"embeddable":true,"href":"https:\/\/www.hgc-reims.com\/index.php?rest_route=\/wp\/v2\/pages\/9"}],"wp:attachment":[{"href":"https:\/\/www.hgc-reims.com\/index.php?rest_route=%2Fwp%2Fv2%2Fmedia&parent=194"}],"curies":[{"name":"wp","href":"https:\/\/api.w.org\/{rel}","templated":true}]}}