{"id":192,"date":"2015-09-13T19:16:23","date_gmt":"2015-09-13T17:16:23","guid":{"rendered":"http:\/\/hgcreimsmo.cluster005.ovh.net\/?page_id=192"},"modified":"2016-01-27T12:28:24","modified_gmt":"2016-01-27T11:28:24","slug":"nitrox","status":"publish","type":"page","link":"https:\/\/www.hgc-reims.com\/?page_id=192","title":{"rendered":"Nitrox"},"content":{"rendered":"<p>Vous d\u00e9sirez passer la qualification Plongeur Nitrox.<\/p>\n<p>Elle est accessible \u00e0 partir du niveau 1 et sous r\u00e9serve d\u2019avoir 14 ans.<\/p>\n<p>La pr\u00e9paration se fait au bord du bassin sous la responsabilit\u00e9 d\u2019un moniteur Nitrox au niveau des manipulations sp\u00e9cifiques et en salle pour la partie th\u00e9orique.<\/p>\n<p>La pr\u00e9paration est d\u00e9clench\u00e9e sous r\u00e9serve d\u2019un nombre minimal de plongeurs<\/p>\n<p><em>\u00a0<\/em><em>Apr\u00e8s la qualification Plongeur NITROX, vous aurez la possibilit\u00e9 de poursuivre vers la qualification de Plongeur Nitrox Confirm\u00e9 (sous r\u00e9serve d\u2019avoir 16 ans et le N2)<\/em><\/p>\n","protected":false},"excerpt":{"rendered":"<p>Vous d\u00e9sirez passer la qualification Plongeur Nitrox. Elle est accessible \u00e0 partir du niveau 1 et sous r\u00e9serve d\u2019avoir 14 ans. La pr\u00e9paration se fait au bord du bassin sous la responsabilit\u00e9 d\u2019un moniteur Nitrox au niveau des manipulations sp\u00e9cifiques et en salle pour la partie th\u00e9orique. La pr\u00e9paration est d\u00e9clench\u00e9e sous r\u00e9serve d\u2019un nombre &hellip; <a href=\"https:\/\/www.hgc-reims.com\/?page_id=192\" class=\"more-link\">Continuer la lecture de <span class=\"screen-reader-text\">Nitrox<\/span>  <span class=\"meta-nav\">&rarr;<\/span><\/a><\/p>\n","protected":false},"author":1,"featured_media":0,"parent":9,"menu_order":0,"comment_status":"closed","ping_status":"closed","template":"page-templates\/full-width.php","meta":{"footnotes":""},"class_list":["post-192","page","type-page","status-publish","hentry","gallery-content-unit"],"post_mailing_queue_ids":[],"_links":{"self":[{"href":"https:\/\/www.hgc-reims.com\/index.php?rest_route=\/wp\/v2\/pages\/192","targetHints":{"allow":["GET"]}}],"collection":[{"href":"https:\/\/www.hgc-reims.com\/index.php?rest_route=\/wp\/v2\/pages"}],"about":[{"href":"https:\/\/www.hgc-reims.com\/index.php?rest_route=\/wp\/v2\/types\/page"}],"author":[{"embeddable":true,"href":"https:\/\/www.hgc-reims.com\/index.php?rest_route=\/wp\/v2\/users\/1"}],"replies":[{"embeddable":true,"href":"https:\/\/www.hgc-reims.com\/index.php?rest_route=%2Fwp%2Fv2%2Fcomments&post=192"}],"version-history":[{"count":2,"href":"https:\/\/www.hgc-reims.com\/index.php?rest_route=\/wp\/v2\/pages\/192\/revisions"}],"predecessor-version":[{"id":1018,"href":"https:\/\/www.hgc-reims.com\/index.php?rest_route=\/wp\/v2\/pages\/192\/revisions\/1018"}],"up":[{"embeddable":true,"href":"https:\/\/www.hgc-reims.com\/index.php?rest_route=\/wp\/v2\/pages\/9"}],"wp:attachment":[{"href":"https:\/\/www.hgc-reims.com\/index.php?rest_route=%2Fwp%2Fv2%2Fmedia&parent=192"}],"curies":[{"name":"wp","href":"https:\/\/api.w.org\/{rel}","templated":true}]}}