{"id":188,"date":"2015-09-13T19:12:38","date_gmt":"2015-09-13T17:12:38","guid":{"rendered":"http:\/\/hgcreimsmo.cluster005.ovh.net\/?page_id=188"},"modified":"2026-02-05T17:04:24","modified_gmt":"2026-02-05T16:04:24","slug":"niveau-2","status":"publish","type":"page","link":"https:\/\/www.hgc-reims.com\/?page_id=188","title":{"rendered":"Niveau 2"},"content":{"rendered":"<p>Simplement pour rester \u00e0 ce niveau, ou pour pr\u00e9parer le N2 ou le Plongeur Encadr\u00e9 40 m (PE40), vous int\u00e8grerez un groupe pris en charge par 2 encadrants.<\/p>\n<p><strong><u>Lieu d&rsquo;entra\u00eenement, j<\/u><\/strong><strong><u>ours et horaires pour les N2, PE40:<\/u><\/strong>\u00a0 Se reporter \u00e0 la page <strong><a href=\"https:\/\/www.hgc-reims.com\/?page_id=689\">S\u00e9ances d&rsquo;entra\u00eenement <\/a><\/strong><\/p>\n<p>Si vous \u00eates en pr\u00e9paration N2 et PE40, vos comp\u00e9tences seront valid\u00e9es en sorties en milieux naturels.<\/p>\n<p>Le N2 vous permettra de plonger en autonomie dans l\u2019espace 0-20 m et encadr\u00e9 dans l\u2019espace 0-40 m.<\/p>\n<p>Le PE40 de plonger encadr\u00e9 dans l\u2019espace 0-40 m.<\/p>\n<p><a href=\"http:\/\/www.hgc-reims.com\/wp-content\/uploads\/2015\/09\/Feuille-comp\u00e9tences-PA20.pdf\" target=\"_blank\" rel=\"noopener\">T\u00e9l\u00e9charger la feuille de comp\u00e9tences PA-20<\/a><\/p>\n<p><a href=\"https:\/\/www.hgc-reims.com\/wp-content\/uploads\/2024\/02\/24-COMPETENCES-PE40-1.pdf\" target=\"_blank\" rel=\"noopener\">T\u00e9l\u00e9charger la feuille de comp\u00e9tences PE-40<\/a><\/p>\n<p><a href=\"https:\/\/www.hgc-reims.com\/wp-content\/uploads\/2026\/02\/COMPETENCES-PA20-pour-les-PE40.pdf\" target=\"_blank\" rel=\"noopener\">T\u00e9l\u00e9charger la feuille de comp\u00e9tences pour un PE-40 souhaitant obtenir le PA-20<\/a><\/p>\n<p><a href=\"https:\/\/www.hgc-reims.com\/wp-content\/uploads\/2024\/02\/24-COMPETENCES-N2.pdf\" target=\"_blank\" rel=\"noopener\">T\u00e9l\u00e9charger la feuille de comp\u00e9tences N2<\/a><\/p>\n<p><a href=\"http:\/\/www.hgc-reims.com\/wp-content\/uploads\/2015\/09\/Correction-Passeport-N2_010116.pdf\" target=\"_blank\" rel=\"noopener\">T\u00e9l\u00e9charger la page de comp\u00e9tences du passeport N2 \u00e0 jour<\/a><\/p>\n<p><a href=\"http:\/\/www.hgc-reims.com\/wp-content\/uploads\/2016\/09\/Qualification-Etanche.xls\">T\u00e9l\u00e9charger la feuille de comp\u00e9tences V\u00eatement Etanche<\/a><\/p>\n<p>Apr\u00e8s l&rsquo;entrainement, nous nous retrouvons r\u00e9guli\u00e8rement dans notre <a href=\"https:\/\/www.hgc-reims.com\/?page_id=366\">local<\/a> afin de partager un moment de convivialit\u00e9 autour d\u2019un verre de l\u2019amiti\u00e9.<\/p>\n<p>L\u2019enseignement de la th\u00e9orie N2 a lieu le mardi \u00e0 19h30 au <a href=\"http:\/\/www.hgc-reims.com\/?page_id=366\">local<\/a>.<br \/>\n<a href=\"https:\/\/www.hgc-reims.com\/wp-content\/uploads\/2025\/12\/Planning-cours-N2.pdf\" target=\"_blank\" rel=\"noopener\">Planning Cours Th\u00e9orie N2\u00a0 pour la saison 2025-2026<\/a><\/p>\n<p><a href=\"https:\/\/www.hgc-reims.com\/wp-content\/uploads\/2025\/03\/24-Examen-theorie-N2.doc\" target=\"_blank\" rel=\"noopener\">Examen th\u00e9orie N2 2024<\/a><\/p>\n<p><a href=\"https:\/\/www.hgc-reims.com\/wp-content\/uploads\/2025\/03\/23-Examen-theorie-N2.doc\" target=\"_blank\" rel=\"noopener\">Examen th\u00e9orie N2 2023<\/a><\/p>\n<p><a href=\"https:\/\/www.hgc-reims.com\/wp-content\/uploads\/2025\/03\/22-Examen-theorie-N2.doc\" target=\"_blank\" rel=\"noopener\">Examen th\u00e9orie N2 2022<\/a><\/p>\n<p><a href=\"https:\/\/www.hgc-reims.com\/wp-content\/uploads\/2025\/03\/19-Examen-theorie-N2.doc\" target=\"_blank\" rel=\"noopener\">Examen th\u00e9orie N2 2019<\/a><\/p>\n<p><a href=\"https:\/\/www.hgc-reims.com\/wp-content\/uploads\/2015\/09\/18-Examen-th\u00e9orie-N2.doc\" target=\"_blank\" rel=\"noopener\">Examen th\u00e9orie N2 2018<\/a><\/p>\n<p><a href=\"https:\/\/www.hgc-reims.com\/wp-content\/uploads\/2015\/09\/16-Examen-th\u00e9orie-N2.doc\" target=\"_blank\" rel=\"noopener\">Examen th\u00e9orie N2 2016<\/a><\/p>\n<p><a href=\"https:\/\/www.hgc-reims.com\/wp-content\/uploads\/2015\/09\/15-Examen-th\u00e9orie-N2.doc\">Examen th\u00e9orie N2 2015<\/a><\/p>\n<p><a href=\"https:\/\/www.hgc-reims.com\/wp-content\/uploads\/2015\/09\/14-Examen-th\u00e9orie-N2.doc\">Examen th\u00e9orie N2 2014<\/a><\/p>\n<p><a href=\"https:\/\/www.hgc-reims.com\/wp-content\/uploads\/2015\/09\/13-Examen-th\u00e9orie-N2.doc\">Examen th\u00e9orie N2 2013<\/a><\/p>\n<p><a href=\"https:\/\/www.hgc-reims.com\/wp-content\/uploads\/2015\/09\/12-Sujet-N2.doc\">Examen th\u00e9orie N2 2012<\/a><\/p>\n","protected":false},"excerpt":{"rendered":"<p>Simplement pour rester \u00e0 ce niveau, ou pour pr\u00e9parer le N2 ou le Plongeur Encadr\u00e9 40 m (PE40), vous int\u00e8grerez un groupe pris en charge par 2 encadrants. Lieu d&rsquo;entra\u00eenement, jours et horaires pour les N2, PE40:\u00a0 Se reporter \u00e0 la page S\u00e9ances d&rsquo;entra\u00eenement Si vous \u00eates en pr\u00e9paration N2 et PE40, vos comp\u00e9tences seront &hellip; <a href=\"https:\/\/www.hgc-reims.com\/?page_id=188\" class=\"more-link\">Continuer la lecture de <span class=\"screen-reader-text\">Niveau 2<\/span>  <span class=\"meta-nav\">&rarr;<\/span><\/a><\/p>\n","protected":false},"author":1,"featured_media":0,"parent":9,"menu_order":0,"comment_status":"closed","ping_status":"closed","template":"page-templates\/full-width.php","meta":{"footnotes":""},"class_list":["post-188","page","type-page","status-publish","hentry","gallery-content-unit"],"post_mailing_queue_ids":[],"_links":{"self":[{"href":"https:\/\/www.hgc-reims.com\/index.php?rest_route=\/wp\/v2\/pages\/188","targetHints":{"allow":["GET"]}}],"collection":[{"href":"https:\/\/www.hgc-reims.com\/index.php?rest_route=\/wp\/v2\/pages"}],"about":[{"href":"https:\/\/www.hgc-reims.com\/index.php?rest_route=\/wp\/v2\/types\/page"}],"author":[{"embeddable":true,"href":"https:\/\/www.hgc-reims.com\/index.php?rest_route=\/wp\/v2\/users\/1"}],"replies":[{"embeddable":true,"href":"https:\/\/www.hgc-reims.com\/index.php?rest_route=%2Fwp%2Fv2%2Fcomments&post=188"}],"version-history":[{"count":37,"href":"https:\/\/www.hgc-reims.com\/index.php?rest_route=\/wp\/v2\/pages\/188\/revisions"}],"predecessor-version":[{"id":8050,"href":"https:\/\/www.hgc-reims.com\/index.php?rest_route=\/wp\/v2\/pages\/188\/revisions\/8050"}],"up":[{"embeddable":true,"href":"https:\/\/www.hgc-reims.com\/index.php?rest_route=\/wp\/v2\/pages\/9"}],"wp:attachment":[{"href":"https:\/\/www.hgc-reims.com\/index.php?rest_route=%2Fwp%2Fv2%2Fmedia&parent=188"}],"curies":[{"name":"wp","href":"https:\/\/api.w.org\/{rel}","templated":true}]}}