{"id":18,"date":"2015-08-30T09:05:42","date_gmt":"2015-08-30T07:05:42","guid":{"rendered":"http:\/\/hgcreimsmo.cluster005.ovh.net\/?page_id=18"},"modified":"2021-10-01T15:24:34","modified_gmt":"2021-10-01T13:24:34","slug":"commission-biologie","status":"publish","type":"page","link":"https:\/\/www.hgc-reims.com\/?page_id=18","title":{"rendered":"Commission Biologie"},"content":{"rendered":"<p style=\"text-align: center;\"><a href=\"https:\/\/www.hgc-reims.com\/wp-content\/uploads\/2021\/10\/LOGOBIO-FFESSM-V04.jpg\"><img loading=\"lazy\" decoding=\"async\" class=\"alignnone  wp-image-4311\" src=\"https:\/\/www.hgc-reims.com\/wp-content\/uploads\/2021\/10\/LOGOBIO-FFESSM-V04.jpg\" alt=\"\" width=\"186\" height=\"239\" srcset=\"https:\/\/www.hgc-reims.com\/wp-content\/uploads\/2021\/10\/LOGOBIO-FFESSM-V04.jpg 1572w, https:\/\/www.hgc-reims.com\/wp-content\/uploads\/2021\/10\/LOGOBIO-FFESSM-V04-234x300.jpg 234w, https:\/\/www.hgc-reims.com\/wp-content\/uploads\/2021\/10\/LOGOBIO-FFESSM-V04-798x1024.jpg 798w, https:\/\/www.hgc-reims.com\/wp-content\/uploads\/2021\/10\/LOGOBIO-FFESSM-V04-768x985.jpg 768w, https:\/\/www.hgc-reims.com\/wp-content\/uploads\/2021\/10\/LOGOBIO-FFESSM-V04-1198x1536.jpg 1198w\" sizes=\"auto, (max-width: 186px) 100vw, 186px\" \/><\/a><\/p>\n<p style=\"text-align: center;\"><span style=\"font-size: revert;\">Soyez les bienvenu(e)s sur les pages de la commission biologie des HGC Reims !<\/span><\/p>\n<p style=\"text-align: center;\">A chaque saison, les adh\u00e9rents du club font des choix d\u2019activit\u00e9 et de formation. La commission Environnement et Biologie Subaquatique rappelle qu&rsquo;elle est l\u00e0 pour informer et former les plongeurs et les plongeuses concernant l&rsquo;environnement qu&rsquo;ils c\u00f4toient pendant leurs plong\u00e9es.<\/p>\n<p style=\"text-align: center;\">Les HGC Reims ont une biblioth\u00e8que-vid\u00e9oth\u00e8que qui contient de nombreux ouvrages de biologie marine (Mais pas seulement !).<br \/>\nLa commission intervient dans les formations th\u00e9oriques. Elle propose aussi aux adh\u00e9rents du club des expos\u00e9s offrant de nouveaux rep\u00e8res sur le monde vivant sous-marin. Consultez aussi ces pages \u00e0 la recherche d\u2019un stage ou d\u2019une animation.<\/p>\n<p style=\"text-align: center;\">Mieux conna\u00eetre pour mieux respecter et prot\u00e9ger !<\/p>\n<p style=\"text-align: center;\">A bient\u00f4t dans la commission Environnement et Biologie Subaquatique des HGC- Reims !<\/p>\n<p style=\"text-align: center;\">Gilles TOCUT &#8211; Responsable HGC Reims de la commission<\/p>\n<p style=\"text-align: center;\"><a href=\"http:\/\/www.hgc-reims.com\/wp-content\/uploads\/2015\/08\/GTOCUT2009.jpg\"><img loading=\"lazy\" decoding=\"async\" class=\"alignnone size-medium wp-image-30\" src=\"http:\/\/www.hgc-reims.com\/wp-content\/uploads\/2015\/08\/GTOCUT2009-191x300.jpg\" alt=\"GTOCUT2009\" width=\"191\" height=\"300\" srcset=\"https:\/\/www.hgc-reims.com\/wp-content\/uploads\/2015\/08\/GTOCUT2009-191x300.jpg 191w, https:\/\/www.hgc-reims.com\/wp-content\/uploads\/2015\/08\/GTOCUT2009.jpg 444w\" sizes=\"auto, (max-width: 191px) 100vw, 191px\" \/><\/a> <a href=\"http:\/\/www.hgc-reims.com\/wp-content\/uploads\/2015\/08\/logobio.jpg\"><br \/>\n<\/a><\/p>\n","protected":false},"excerpt":{"rendered":"<p>Soyez les bienvenu(e)s sur les pages de la commission biologie des HGC Reims ! A chaque saison, les adh\u00e9rents du club font des choix d\u2019activit\u00e9 et de formation. La commission Environnement et Biologie Subaquatique rappelle qu&rsquo;elle est l\u00e0 pour informer et former les plongeurs et les plongeuses concernant l&rsquo;environnement qu&rsquo;ils c\u00f4toient pendant leurs plong\u00e9es. Les &hellip; <a href=\"https:\/\/www.hgc-reims.com\/?page_id=18\" class=\"more-link\">Continuer la lecture de <span class=\"screen-reader-text\">Commission Biologie<\/span>  <span class=\"meta-nav\">&rarr;<\/span><\/a><\/p>\n","protected":false},"author":1,"featured_media":0,"parent":0,"menu_order":0,"comment_status":"closed","ping_status":"closed","template":"page-templates\/full-width.php","meta":{"footnotes":""},"class_list":["post-18","page","type-page","status-publish","hentry","gallery-content-unit"],"post_mailing_queue_ids":[],"_links":{"self":[{"href":"https:\/\/www.hgc-reims.com\/index.php?rest_route=\/wp\/v2\/pages\/18","targetHints":{"allow":["GET"]}}],"collection":[{"href":"https:\/\/www.hgc-reims.com\/index.php?rest_route=\/wp\/v2\/pages"}],"about":[{"href":"https:\/\/www.hgc-reims.com\/index.php?rest_route=\/wp\/v2\/types\/page"}],"author":[{"embeddable":true,"href":"https:\/\/www.hgc-reims.com\/index.php?rest_route=\/wp\/v2\/users\/1"}],"replies":[{"embeddable":true,"href":"https:\/\/www.hgc-reims.com\/index.php?rest_route=%2Fwp%2Fv2%2Fcomments&post=18"}],"version-history":[{"count":5,"href":"https:\/\/www.hgc-reims.com\/index.php?rest_route=\/wp\/v2\/pages\/18\/revisions"}],"predecessor-version":[{"id":4312,"href":"https:\/\/www.hgc-reims.com\/index.php?rest_route=\/wp\/v2\/pages\/18\/revisions\/4312"}],"wp:attachment":[{"href":"https:\/\/www.hgc-reims.com\/index.php?rest_route=%2Fwp%2Fv2%2Fmedia&parent=18"}],"curies":[{"name":"wp","href":"https:\/\/api.w.org\/{rel}","templated":true}]}}