{"id":179,"date":"2015-09-13T18:52:15","date_gmt":"2015-09-13T16:52:15","guid":{"rendered":"http:\/\/hgcreimsmo.cluster005.ovh.net\/?page_id=179"},"modified":"2024-01-29T17:00:07","modified_gmt":"2024-01-29T16:00:07","slug":"comment-faire","status":"publish","type":"page","link":"https:\/\/www.hgc-reims.com\/?page_id=179","title":{"rendered":"Comment faire ?"},"content":{"rendered":"<p>Quand s\u2019inscrire\u00a0?\u00a0:<\/p>\n<p>Encadrants\u00a0:<\/p>\n<p>Il est important que le Directeur de Plong\u00e9e (DP) sache de combien d\u2019encadrants il dispose pour organiser sa sortie dans les meilleures conditions de s\u00e9curit\u00e9. Aussi l\u2019inscription des encadrants se fait la semaine pr\u00e9c\u00e9dant la sortie.<\/p>\n<p>Plongeurs\u00a0:<\/p>\n<p><a href=\"http:\/\/www.hgc-reims.com\/?page_id=182\">L\u2019inscription et le r\u00e8glement se font sur HelloAsso via le lien transmis sur le site d\u00e8s que le DP est connu.<\/a> Le nombre de plongeurs est fonction de l\u2019encadrement disponible.<\/p>\n<p>Pr\u00e9parer sa sortie\u00a0:<\/p>\n<p>&#8211; Avoir ses papiers (Licence + carnet plong\u00e9e + certificat m\u00e9dical)<\/p>\n<p>&#8211; Mat\u00e9riel personnel ou emprunt\u00e9 au club (bouteille, gilet, d\u00e9tendeur principal + secours, ceinture, gants, bottillons).<\/p>\n<p>&#8211; Mat\u00e9riel de gestion de la remont\u00e9e (pour les autonomes).<\/p>\n<p>&#8211; Pr\u00e9voir un pique-nique.<\/p>\n<p>&#8211; Pr\u00e9f\u00e9rer le covoiturage.<\/p>\n<p>&#8211; Prise du mat\u00e9riel\u00a0: le samedi matin.<\/p>\n<p>&#8211; Retour mat\u00e9riel\u00a0: le dimanche soir vers 18 heures.<\/p>\n","protected":false},"excerpt":{"rendered":"<p>Quand s\u2019inscrire\u00a0?\u00a0: Encadrants\u00a0: Il est important que le Directeur de Plong\u00e9e (DP) sache de combien d\u2019encadrants il dispose pour organiser sa sortie dans les meilleures conditions de s\u00e9curit\u00e9. Aussi l\u2019inscription des encadrants se fait la semaine pr\u00e9c\u00e9dant la sortie. Plongeurs\u00a0: L\u2019inscription et le r\u00e8glement se font sur HelloAsso via le lien transmis sur le site &hellip; <a href=\"https:\/\/www.hgc-reims.com\/?page_id=179\" class=\"more-link\">Continuer la lecture de <span class=\"screen-reader-text\">Comment faire ?<\/span>  <span class=\"meta-nav\">&rarr;<\/span><\/a><\/p>\n","protected":false},"author":1,"featured_media":0,"parent":128,"menu_order":0,"comment_status":"closed","ping_status":"closed","template":"","meta":{"footnotes":""},"class_list":["post-179","page","type-page","status-publish","hentry","gallery-content-unit"],"post_mailing_queue_ids":[],"_links":{"self":[{"href":"https:\/\/www.hgc-reims.com\/index.php?rest_route=\/wp\/v2\/pages\/179","targetHints":{"allow":["GET"]}}],"collection":[{"href":"https:\/\/www.hgc-reims.com\/index.php?rest_route=\/wp\/v2\/pages"}],"about":[{"href":"https:\/\/www.hgc-reims.com\/index.php?rest_route=\/wp\/v2\/types\/page"}],"author":[{"embeddable":true,"href":"https:\/\/www.hgc-reims.com\/index.php?rest_route=\/wp\/v2\/users\/1"}],"replies":[{"embeddable":true,"href":"https:\/\/www.hgc-reims.com\/index.php?rest_route=%2Fwp%2Fv2%2Fcomments&post=179"}],"version-history":[{"count":5,"href":"https:\/\/www.hgc-reims.com\/index.php?rest_route=\/wp\/v2\/pages\/179\/revisions"}],"predecessor-version":[{"id":5692,"href":"https:\/\/www.hgc-reims.com\/index.php?rest_route=\/wp\/v2\/pages\/179\/revisions\/5692"}],"up":[{"embeddable":true,"href":"https:\/\/www.hgc-reims.com\/index.php?rest_route=\/wp\/v2\/pages\/128"}],"wp:attachment":[{"href":"https:\/\/www.hgc-reims.com\/index.php?rest_route=%2Fwp%2Fv2%2Fmedia&parent=179"}],"curies":[{"name":"wp","href":"https:\/\/api.w.org\/{rel}","templated":true}]}}