{"id":173,"date":"2015-09-13T18:43:44","date_gmt":"2015-09-13T16:43:44","guid":{"rendered":"http:\/\/hgcreimsmo.cluster005.ovh.net\/?page_id=173"},"modified":"2024-10-14T14:54:32","modified_gmt":"2024-10-14T12:54:32","slug":"secretariat","status":"publish","type":"page","link":"https:\/\/www.hgc-reims.com\/?page_id=173","title":{"rendered":"Secr\u00e9tariat"},"content":{"rendered":"<p><strong>La mission du secr\u00e9tariat <\/strong><\/p>\n<ul>\n<li><strong>Pr\u00e9paration de la rentr\u00e9e<\/strong>, <strong>inscriptions<\/strong> des anciens et des nouveaux adh\u00e9rents avec enregistrements des licences \u00ab\u00a0en ligne\u00a0\u00bb et le suivi des visites m\u00e9dicales.<\/li>\n<li><strong>Mise \u00e0 jour r\u00e9guli\u00e8re du fichier informatique<\/strong>.<\/li>\n<li><strong>Pr\u00e9paration de l&rsquo;Assembl\u00e9e g\u00e9n\u00e9rale<\/strong>, des diverses <strong>r\u00e9unions du Comit\u00e9 Directeur<\/strong>. R\u00e9daction des diff\u00e9rents comptes-rendus et respect de l&rsquo;application des statuts et du r\u00e8glement int\u00e9rieur du Club.<\/li>\n<li><strong>Archivage<\/strong> de toute la correspondance du club.<\/li>\n<li>Contact r\u00e9gulier avec la Pr\u00e9sidente, le tr\u00e9sorier et les membres du Comit\u00e9.<\/li>\n<li><strong>Renseignements<\/strong> permanents aux adh\u00e9rents.<\/li>\n<\/ul>\n<table width=\"100%\">\n<tbody>\n<tr>\n<td style=\"text-align: center;\" width=\"50%\"><a href=\"https:\/\/www.hgc-reims.com\/wp-content\/uploads\/2023\/05\/IMG_4005.jpg\"><img loading=\"lazy\" decoding=\"async\" class=\"alignnone  wp-image-4966\" src=\"https:\/\/www.hgc-reims.com\/wp-content\/uploads\/2023\/05\/IMG_4005.jpg\" alt=\"\" width=\"194\" height=\"194\" srcset=\"https:\/\/www.hgc-reims.com\/wp-content\/uploads\/2023\/05\/IMG_4005.jpg 1080w, https:\/\/www.hgc-reims.com\/wp-content\/uploads\/2023\/05\/IMG_4005-300x300.jpg 300w, https:\/\/www.hgc-reims.com\/wp-content\/uploads\/2023\/05\/IMG_4005-1024x1024.jpg 1024w, https:\/\/www.hgc-reims.com\/wp-content\/uploads\/2023\/05\/IMG_4005-150x150.jpg 150w, https:\/\/www.hgc-reims.com\/wp-content\/uploads\/2023\/05\/IMG_4005-768x768.jpg 768w\" sizes=\"auto, (max-width: 194px) 100vw, 194px\" \/><\/a><br \/>\n<strong>Gilles TOCUT<\/strong><br \/>\nSecr\u00e9taire<\/td>\n<td style=\"text-align: center;\" width=\"50%\"><strong><a href=\"https:\/\/www.hgc-reims.com\/wp-content\/uploads\/2024\/10\/natacha.jpg\"><img loading=\"lazy\" decoding=\"async\" class=\"alignnone  wp-image-6408\" src=\"https:\/\/www.hgc-reims.com\/wp-content\/uploads\/2024\/10\/natacha.jpg\" alt=\"\" width=\"187\" height=\"187\" srcset=\"https:\/\/www.hgc-reims.com\/wp-content\/uploads\/2024\/10\/natacha.jpg 792w, https:\/\/www.hgc-reims.com\/wp-content\/uploads\/2024\/10\/natacha-300x300.jpg 300w, https:\/\/www.hgc-reims.com\/wp-content\/uploads\/2024\/10\/natacha-150x150.jpg 150w, https:\/\/www.hgc-reims.com\/wp-content\/uploads\/2024\/10\/natacha-768x768.jpg 768w\" sizes=\"auto, (max-width: 187px) 100vw, 187px\" \/><\/a><br \/>\nNatacha KOSC<\/strong><br \/>\nSecr\u00e9taire Adjointe<\/td>\n<\/tr>\n<\/tbody>\n<\/table>\n<p>En cas de besoin, n&rsquo;h\u00e9sitez pas \u00e0 contacter le secr\u00e9tariat<\/p>\n","protected":false},"excerpt":{"rendered":"<p>La mission du secr\u00e9tariat Pr\u00e9paration de la rentr\u00e9e, inscriptions des anciens et des nouveaux adh\u00e9rents avec enregistrements des licences \u00ab\u00a0en ligne\u00a0\u00bb et le suivi des visites m\u00e9dicales. Mise \u00e0 jour r\u00e9guli\u00e8re du fichier informatique. Pr\u00e9paration de l&rsquo;Assembl\u00e9e g\u00e9n\u00e9rale, des diverses r\u00e9unions du Comit\u00e9 Directeur. R\u00e9daction des diff\u00e9rents comptes-rendus et respect de l&rsquo;application des statuts et &hellip; <a href=\"https:\/\/www.hgc-reims.com\/?page_id=173\" class=\"more-link\">Continuer la lecture de <span class=\"screen-reader-text\">Secr\u00e9tariat<\/span>  <span class=\"meta-nav\">&rarr;<\/span><\/a><\/p>\n","protected":false},"author":1,"featured_media":0,"parent":70,"menu_order":0,"comment_status":"closed","ping_status":"closed","template":"page-templates\/full-width.php","meta":{"footnotes":""},"class_list":["post-173","page","type-page","status-publish","hentry","gallery-content-unit"],"post_mailing_queue_ids":[],"_links":{"self":[{"href":"https:\/\/www.hgc-reims.com\/index.php?rest_route=\/wp\/v2\/pages\/173","targetHints":{"allow":["GET"]}}],"collection":[{"href":"https:\/\/www.hgc-reims.com\/index.php?rest_route=\/wp\/v2\/pages"}],"about":[{"href":"https:\/\/www.hgc-reims.com\/index.php?rest_route=\/wp\/v2\/types\/page"}],"author":[{"embeddable":true,"href":"https:\/\/www.hgc-reims.com\/index.php?rest_route=\/wp\/v2\/users\/1"}],"replies":[{"embeddable":true,"href":"https:\/\/www.hgc-reims.com\/index.php?rest_route=%2Fwp%2Fv2%2Fcomments&post=173"}],"version-history":[{"count":14,"href":"https:\/\/www.hgc-reims.com\/index.php?rest_route=\/wp\/v2\/pages\/173\/revisions"}],"predecessor-version":[{"id":6411,"href":"https:\/\/www.hgc-reims.com\/index.php?rest_route=\/wp\/v2\/pages\/173\/revisions\/6411"}],"up":[{"embeddable":true,"href":"https:\/\/www.hgc-reims.com\/index.php?rest_route=\/wp\/v2\/pages\/70"}],"wp:attachment":[{"href":"https:\/\/www.hgc-reims.com\/index.php?rest_route=%2Fwp%2Fv2%2Fmedia&parent=173"}],"curies":[{"name":"wp","href":"https:\/\/api.w.org\/{rel}","templated":true}]}}