{"id":169,"date":"2015-09-13T18:40:23","date_gmt":"2015-09-13T16:40:23","guid":{"rendered":"http:\/\/hgcreimsmo.cluster005.ovh.net\/?page_id=169"},"modified":"2025-09-01T21:20:37","modified_gmt":"2025-09-01T19:20:37","slug":"inscriptions","status":"publish","type":"page","link":"https:\/\/www.hgc-reims.com\/?page_id=169","title":{"rendered":"Inscriptions"},"content":{"rendered":"\n<p><strong>Inscriptions 2025-2026<\/strong><\/p>\n\n\n\n<p>Vous souhaitez vous inscrire ? Bienvenue !<\/p>\n\n\n\n<p>Pour adh\u00e9rer aux HGC de Reims et souscrire une licence FFESSM, pr\u00e9sentez-vous en d\u00e9but de s\u00e9ance \u00e0 partir du vendredi 26 Septembre 2025 \u00e0 la piscine Orgeval \u00e0 19H30 ( ou les mercredis \u00e0 20H30 \u00e0 partir du 1er octobre 2025 ). Vous effectuerez un bapt\u00eame de plong\u00e9e qui vous permettra de d\u00e9couvrir le plaisir d\u2019\u00e9voluer sous l\u2019eau et le fonctionnement de notre club.<\/p>\n\n\n\n<p>A l\u2019issue de votre bapt\u00eame, si vous d\u00e9sirez vous inscrire, vous pourrez retirer un dossier d\u2019inscription aupr\u00e8s des secr\u00e9taires, Gilles ou Natacha.<\/p>\n\n\n\n<p>Bien que l&rsquo;accueil de jeunes adh\u00e9rents soit possible d\u00e8s 10 ans, le club des HGCR a une possibilit\u00e9 restreinte de formation pour les 10-14 ans li\u00e9e \u00e0 nos ressources disponibles. Renseignez-vous !<\/p>\n\n\n\n<p>Les personnes poss\u00e9dant d\u00e9j\u00e0 un dipl\u00f4me de plong\u00e9e ou un certificat de bapt\u00eame voudront bien se pr\u00e9senter directement aux secr\u00e9taires avec une photocopie de ce dernier pour obtenir un dossier d\u2019inscription.<\/p>\n\n\n\n<p>Adh\u00e9sion au club<\/p>\n\n\n\n<p>Nouveaut\u00e9 cette saison 2025\/2026 : Pour ceux qui \u00e9taient adh\u00e9rents la saison pass\u00e9e, le protocole d\u2019inscription avec paiement en ligne via HelloAsso est \u00e9largi pour le paiement de tout ou partie en ch\u00e8ques vacances, bons CAF, PASS&rsquo;SPORT et REIMS TICKET SPORT, le solde \u00e9tant payable par ch\u00e8que ou en esp\u00e8ces. L\u2019inscription par un formulaire papier tel que les saisons pr\u00e9c\u00e9dentes reste toujours possible. Renseignez-vous aupr\u00e8s du secr\u00e9tariat ou par Email \u00e0 secretariat@hgc-reims.com\u00a0 .<\/p>\n\n\n\n<p>L\u2019adh\u00e9sion aux HGC Reims varie de 125 \u00e0 185 euros (selon l\u2019\u00e2ge, le nombre d\u2019adh\u00e9rents d\u2019une m\u00eame famille, etc\u2026).<\/p>\n\n\n\n<p>El\u00e9ments n\u00e9cessaires pour compl\u00e9ter votre dossier d\u2019inscription au club:<\/p>\n\n\n\n<p>Lorsque vous aurez retir\u00e9 et compl\u00e9t\u00e9 votre dossier d\u2019inscription, vous devrez y joindre votre r\u00e8glement correspondant au montant de votre adh\u00e9sion par ch\u00e8que \u00e0 l\u2019ordre des HGC Reims ou en esp\u00e8ces (faire l\u2019appoint).<\/p>\n\n\n\n<p>Pour la pr\u00e9paration au niveau 1 : Ajoutez 22 \u20ac pour obtenir votre passeport et carnet de plong\u00e9e.<\/p>\n\n\n\n<p>Un ch\u00e8que de caution de 5 euros vous sera \u00e9galement demand\u00e9 pour obtenir la carte d\u2019acc\u00e8s \u00e0 la piscine (obligatoire pour assister aux entra\u00eenements du club). Cette caution vous sera retourn\u00e9e en fin de saison lorsque vous restituerez votre carte de piscine.<\/p>\n\n\n\n<p>Tout dossier doit imp\u00e9rativement \u00eatre complet pour obtenir la carte d\u2019acc\u00e8s \u00e0 la piscine et participer aux entra\u00eenements.<\/p>\n\n\n\n<p>Visite m\u00e9dicale obligatoire<\/p>\n\n\n\n<p>Pour pouvoir acc\u00e9der aux entra\u00eenements, vous devrez prendre rendez-vous pour passer la visite m\u00e9dicale de non-contre-indication \u00e0 nos pratiques sportives soit par un m\u00e9decin de votre choix ou un m\u00e9decin f\u00e9d\u00e9ral.<\/p>\n\n\n\n<p>Si vous passez votre visite m\u00e9dicale aupr\u00e8s de votre m\u00e9decin g\u00e9n\u00e9raliste, vous devez lui faire remplir le certificat de non contre-indication \u00e0 la plong\u00e9e au format f\u00e9d\u00e9ral FFESSM (fourni lors de votre inscription).<\/p>\n\n\n\n<p>Bien que cela ne soit pas obligatoire, nous vous conseillons fortement de passer votre visite aupr\u00e8s d\u2019un m\u00e9decin f\u00e9d\u00e9ral sp\u00e9cialiste de la m\u00e9decine hyperbare (les coordonn\u00e9es vous seront fournies lors de votre inscription).<\/p>\n\n\n\n<p>Vous devrez ensuite conserver l\u2019original de votre certificat m\u00e9dical et en remettre une photocopie au secr\u00e9tariat.<\/p>\n\n\n\n<p>Le dossier sera \u00e0 rendre aux secr\u00e9taires du club les lundis, mercredis ou vendredis suivants en d\u00e9but de s\u00e9ance \u00e0 l\u2019accueil piscine ou \u00e0 retourner par la poste \u00e0 l\u2019adresse ci-dessous :<\/p>\n\n\n\n<p>Gilles TOCUT&nbsp; 301 B Avenue de Laon&nbsp;&nbsp; 51100 REIMS<\/p>\n\n\n\n<p>Vous pouvez vous inscrire m\u00eame en cours de saison sportive, en fonction des places disponibles. N\u2019h\u00e9sitez pas \u00e0 contacter le secr\u00e9tariat via le site internet du club ou \u00e0 venir nous rencontrer au bord du bassin.<\/p>\n","protected":false},"excerpt":{"rendered":"<p>Inscriptions 2025-2026 Vous souhaitez vous inscrire ? Bienvenue ! Pour adh\u00e9rer aux HGC de Reims et souscrire une licence FFESSM, pr\u00e9sentez-vous en d\u00e9but de s\u00e9ance \u00e0 partir du vendredi 26 Septembre 2025 \u00e0 la piscine Orgeval \u00e0 19H30 ( ou les mercredis \u00e0 20H30 \u00e0 partir du 1er octobre 2025 ). Vous effectuerez un bapt\u00eame &hellip; <a href=\"https:\/\/www.hgc-reims.com\/?page_id=169\" class=\"more-link\">Continuer la lecture de <span class=\"screen-reader-text\">Inscriptions<\/span>  <span class=\"meta-nav\">&rarr;<\/span><\/a><\/p>\n","protected":false},"author":1,"featured_media":0,"parent":0,"menu_order":0,"comment_status":"closed","ping_status":"closed","template":"page-templates\/full-width.php","meta":{"footnotes":""},"class_list":["post-169","page","type-page","status-publish","hentry","gallery-content-unit"],"post_mailing_queue_ids":[],"_links":{"self":[{"href":"https:\/\/www.hgc-reims.com\/index.php?rest_route=\/wp\/v2\/pages\/169","targetHints":{"allow":["GET"]}}],"collection":[{"href":"https:\/\/www.hgc-reims.com\/index.php?rest_route=\/wp\/v2\/pages"}],"about":[{"href":"https:\/\/www.hgc-reims.com\/index.php?rest_route=\/wp\/v2\/types\/page"}],"author":[{"embeddable":true,"href":"https:\/\/www.hgc-reims.com\/index.php?rest_route=\/wp\/v2\/users\/1"}],"replies":[{"embeddable":true,"href":"https:\/\/www.hgc-reims.com\/index.php?rest_route=%2Fwp%2Fv2%2Fcomments&post=169"}],"version-history":[{"count":16,"href":"https:\/\/www.hgc-reims.com\/index.php?rest_route=\/wp\/v2\/pages\/169\/revisions"}],"predecessor-version":[{"id":7677,"href":"https:\/\/www.hgc-reims.com\/index.php?rest_route=\/wp\/v2\/pages\/169\/revisions\/7677"}],"wp:attachment":[{"href":"https:\/\/www.hgc-reims.com\/index.php?rest_route=%2Fwp%2Fv2%2Fmedia&parent=169"}],"curies":[{"name":"wp","href":"https:\/\/api.w.org\/{rel}","templated":true}]}}