{"id":146,"date":"2015-09-13T15:11:07","date_gmt":"2015-09-13T13:11:07","guid":{"rendered":"http:\/\/hgcreimsmo.cluster005.ovh.net\/?page_id=146"},"modified":"2016-01-27T12:34:21","modified_gmt":"2016-01-27T11:34:21","slug":"niveaux-photosvideos","status":"publish","type":"page","link":"https:\/\/www.hgc-reims.com\/?page_id=146","title":{"rendered":"Niveaux Photos\/Vid\u00e9os"},"content":{"rendered":"<h2><strong>Les niveaux photographes\u00a0<\/strong><\/h2>\n<p><strong>Plongeur Photographe Niveau 1<\/strong> : Je suis plongeur niveau I. \u00ab\u00a0J\u2019ai un compact num\u00e9rique dans son caisson\u00a0\u00bb, \u00ab\u00a0Je n&rsquo;ai jamais fait de photo sous-marine\u00a0\u00bb, \u00ab\u00a0Je fais quelques photos de temps en temps\u00a0\u00bb, \u00ab\u00a0J&rsquo;ai particip\u00e9 \u00e0 une journ\u00e9e d&rsquo;initiation \u00bb<\/p>\n<p>Objectifs : \u00catre en mesure de contr\u00f4ler les r\u00e9glages de base de son appareil de prise de vues et la lumi\u00e8re de son flash pour obtenir des photos techniquement correctes en ambiance et en macro photographie.<\/p>\n<p>Mat\u00e9riel indispensable : un compact num\u00e9rique et son caisson \u00e9tanche.<\/p>\n<p><a href=\"http:\/\/www.hgc-reims.com\/wp-content\/uploads\/2015\/09\/brevpp1nov2011.pdf\" target=\"_blank\">Fiche Photographe N1<\/a><\/p>\n<p><strong>Plongeur Photographe Niveau 2<\/strong> : Je suis plongeur niveau II. \u00ab\u00a0J&rsquo;ai d\u00e9j\u00e0 particip\u00e9 \u00e0 un stage niveau 1, je ma\u00eetrise les r\u00e9glages de base de mon appareil et de mon flash\u00a0\u00bb, \u00ab\u00a0Je fais de la photo depuis plusieurs ann\u00e9es mais je pratique de fa\u00e7on irr\u00e9guli\u00e8re\u00a0\u00bb.<\/p>\n<p>Objectifs : \u00catre en mesure de contr\u00f4ler l&rsquo;exposition d&rsquo;images combinant lumi\u00e8re artificielle et lumi\u00e8re naturelle pour des prises de vue en : grand-angle, macro ou proxi et photo animali\u00e8re. Appliquer de fa\u00e7on satisfaisante la composition d&rsquo;image.<\/p>\n<p>Mat\u00e9riel indispensable\u00a0: un compact num\u00e9rique d\u00e9brayable et son caisson \u00e9tanche, un objectif grand angle, un flash d\u00e9port\u00e9.<\/p>\n<p><a href=\"http:\/\/www.hgc-reims.com\/wp-content\/uploads\/2015\/09\/brevpp2nov2011.pdf\" target=\"_blank\">Fiche Photographe N2<\/a><\/p>\n<p><strong>Plongeur Photographe Niveau 3<\/strong> : Je suis plongeur niveau II et plongeur photographe niveau 2. \u00ab\u00a0J&rsquo;ai d\u00e9j\u00e0 particip\u00e9 \u00e0 plusieurs stages, je pratique r\u00e9guli\u00e8rement la photo sous-marine, je souhaite d\u00e9velopper ma capacit\u00e9 d&rsquo;analyse de l&rsquo;image, mieux comprendre le langage de l&rsquo;image.\u00a0\u00bb<\/p>\n<p>Objectifs : \u00catre sensibilis\u00e9 \u00e0 la philosophie de l&rsquo;image, approfondir les r\u00e8gles de composition de l&rsquo;image, ma\u00eetriser les techniques avanc\u00e9es de prise de vues subaquatiques.<\/p>\n<p>Mat\u00e9riel indispensable\u00a0: Un reflex ou appareil hybride avec objectifs macro et grand angle, son caisson \u00e9tanche avec hublots adapt\u00e9s aux objectifs, deux flashs d\u00e9port\u00e9s, un ordinateur portable, un logiciel de traitement d\u2019images.<\/p>\n<p><a href=\"http:\/\/www.hgc-reims.com\/wp-content\/uploads\/2015\/09\/fbrevpp3ag2013.pdf\" target=\"_blank\">Fiche Photographe N3<\/a><\/p>\n<h2><strong>Les niveaux vid\u00e9astes\u00a0<\/strong><\/h2>\n<p><strong>Plongeur vid\u00e9aste Niveau 1<\/strong> : Je suis plongeur niveau II. \u00ab\u00a0J\u2019ai un cam\u00e9scope dans son caisson \u00bb, \u00a0\u00ab\u00a0Je fais quelques vid\u00e9o de temps en temps\u00a0\u00bb, \u00ab\u00a0J&rsquo;ai particip\u00e9 \u00e0 une journ\u00e9e ou un stage d&rsquo;initiation \u00bb<\/p>\n<p>Objectifs : \u00catre en mesure de r\u00e9aliser des prises de vues correctement cadr\u00e9es et \u00e9clair\u00e9es et connaitre la th\u00e9orie et la pratique de l&rsquo;utilisation de son mat\u00e9riel .<\/p>\n<p>Mat\u00e9riel indispensable : un cam\u00e9scope et son caisson \u00e9tanche.<\/p>\n<p><a href=\"http:\/\/www.hgc-reims.com\/wp-content\/uploads\/2015\/09\/plongeur_videaste_1.pdf\" target=\"_blank\">Fiche Vid\u00e9aste N1<\/a><\/p>\n<p><strong>Plongeur vid\u00e9aste Niveau 2<\/strong> : Je suis plongeur niveau II. \u00ab\u00a0J&rsquo;ai d\u00e9j\u00e0 particip\u00e9 \u00e0 un stage niveau 1, je ma\u00eetrise les r\u00e9glages de base de mon cam\u00e9scope et de mon \u00e9clairage, \u00a0Je fais de la vid\u00e9o depuis plusieurs ann\u00e9es mais je pratique de fa\u00e7on irr\u00e9guli\u00e8re\u00a0\u00bb.<\/p>\n<p>Objectifs : \u00catre en mesure de r\u00e9aliser un montage sonoris\u00e9 sans commentaire. Appliquer de fa\u00e7on satisfaisante la composition d&rsquo;image.<\/p>\n<p>Mat\u00e9riel indispensable\u00a0: un cam\u00e9scope et son caisson \u00e9tanche, \u00e9ventuellement un grand angle un \u00e9clairage adapt\u00e9 a la vid\u00e9o<\/p>\n<p><a href=\"http:\/\/www.hgc-reims.com\/wp-content\/uploads\/2015\/09\/plongeur_videaste_2.pdf\" target=\"_blank\">Fiche Vid\u00e9aste N2<\/a><\/p>\n<p><strong style=\"line-height: 1.5;\">Plongeur vid\u00e9aste Niveau 3<\/strong><span style=\"line-height: 1.5;\"> : Je suis plongeur niveau II et plongeur vid\u00e9aste niveau 2. \u00ab\u00a0J&rsquo;ai d\u00e9j\u00e0 particip\u00e9 \u00e0 plusieurs stages, je pratique r\u00e9guli\u00e8rement la vid\u00e9o sous-marine, je souhaite d\u00e9velopper ma capacit\u00e9 d&rsquo;analyse de l&rsquo;image, mieux comprendre le langage de l&rsquo;image et le montage \u00a0\u00bb.<\/span><\/p>\n<p>Objectifs : \u00catre capable de produire un vid\u00e9ogramme sonoris\u00e9 et comment\u00e9, ma\u00eetriser les techniques avanc\u00e9es de prise de vues subaquatiques.<\/p>\n<p>Mat\u00e9riel indispensable\u00a0: Un cam\u00e9scope avec objectifs macro et grand angle, son caisson \u00e9tanche avec hublots adapt\u00e9s\u00a0, un \u00e9clairage adapt\u00e9 a la vid\u00e9o sous marine ,\u00a0un ordinateur portable et un logiciel de montage .<\/p>\n<p><a href=\"http:\/\/www.hgc-reims.com\/wp-content\/uploads\/2015\/09\/plongeur_videaste_3.pdf\" target=\"_blank\">Fiche Vid\u00e9aste N3<\/a><\/p>\n","protected":false},"excerpt":{"rendered":"<p>Les niveaux photographes\u00a0 Plongeur Photographe Niveau 1 : Je suis plongeur niveau I. \u00ab\u00a0J\u2019ai un compact num\u00e9rique dans son caisson\u00a0\u00bb, \u00ab\u00a0Je n&rsquo;ai jamais fait de photo sous-marine\u00a0\u00bb, \u00ab\u00a0Je fais quelques photos de temps en temps\u00a0\u00bb, \u00ab\u00a0J&rsquo;ai particip\u00e9 \u00e0 une journ\u00e9e d&rsquo;initiation \u00bb Objectifs : \u00catre en mesure de contr\u00f4ler les r\u00e9glages de base de son &hellip; <a href=\"https:\/\/www.hgc-reims.com\/?page_id=146\" class=\"more-link\">Continuer la lecture de <span class=\"screen-reader-text\">Niveaux Photos\/Vid\u00e9os<\/span>  <span class=\"meta-nav\">&rarr;<\/span><\/a><\/p>\n","protected":false},"author":1,"featured_media":0,"parent":57,"menu_order":0,"comment_status":"closed","ping_status":"closed","template":"page-templates\/full-width.php","meta":{"footnotes":""},"class_list":["post-146","page","type-page","status-publish","hentry","gallery-content-unit"],"post_mailing_queue_ids":[],"_links":{"self":[{"href":"https:\/\/www.hgc-reims.com\/index.php?rest_route=\/wp\/v2\/pages\/146","targetHints":{"allow":["GET"]}}],"collection":[{"href":"https:\/\/www.hgc-reims.com\/index.php?rest_route=\/wp\/v2\/pages"}],"about":[{"href":"https:\/\/www.hgc-reims.com\/index.php?rest_route=\/wp\/v2\/types\/page"}],"author":[{"embeddable":true,"href":"https:\/\/www.hgc-reims.com\/index.php?rest_route=\/wp\/v2\/users\/1"}],"replies":[{"embeddable":true,"href":"https:\/\/www.hgc-reims.com\/index.php?rest_route=%2Fwp%2Fv2%2Fcomments&post=146"}],"version-history":[{"count":4,"href":"https:\/\/www.hgc-reims.com\/index.php?rest_route=\/wp\/v2\/pages\/146\/revisions"}],"predecessor-version":[{"id":1021,"href":"https:\/\/www.hgc-reims.com\/index.php?rest_route=\/wp\/v2\/pages\/146\/revisions\/1021"}],"up":[{"embeddable":true,"href":"https:\/\/www.hgc-reims.com\/index.php?rest_route=\/wp\/v2\/pages\/57"}],"wp:attachment":[{"href":"https:\/\/www.hgc-reims.com\/index.php?rest_route=%2Fwp%2Fv2%2Fmedia&parent=146"}],"curies":[{"name":"wp","href":"https:\/\/api.w.org\/{rel}","templated":true}]}}