{"id":128,"date":"2015-09-06T21:40:59","date_gmt":"2015-09-06T19:40:59","guid":{"rendered":"http:\/\/hgcreimsmo.cluster005.ovh.net\/?page_id=128"},"modified":"2015-09-13T18:50:47","modified_gmt":"2015-09-13T16:50:47","slug":"sorties-club","status":"publish","type":"page","link":"https:\/\/www.hgc-reims.com\/?page_id=128","title":{"rendered":"Sorties Club"},"content":{"rendered":"<p>Sortie Club\u00a0:<\/p>\n<p>Des sorties sont organis\u00e9es r\u00e9guli\u00e8rement par les membres du Club en carri\u00e8re (Belgique), en mer et en fosse tout au long de l\u2019ann\u00e9e. Une interruption est faite en milieu naturel aux mois de janvier \u2013 f\u00e9vrier \u2013 mars o\u00f9 la temp\u00e9rature de l\u2019eau est trop froide.<\/p>\n<p>Sorties carri\u00e8re\u00a0:<\/p>\n<p>La temp\u00e9rature de l\u2019eau oscille entre 8\u00b0C et 15\u00b0C c\u2019est pourquoi une pause est faite en hiver pour les plong\u00e9es en v\u00eatements humides. Les carri\u00e8res les plus visit\u00e9es\u00a0: Villers les 2 Eglises, Vodel\u00e9e, Rochefontaine, Vodec\u00e9e et le barrage de L\u2019Eau d\u2019Heure.<\/p>\n<p>Sorties en fosse de plong\u00e9e\u00a0:<\/p>\n<p>Ces sorties durant la p\u00e9riode froide permettent de continuer l\u2019enseignement ou de plonger pour son plaisir dans une eau de 28\u00b0C \u00e0 33\u00b0C\u00a0 avec une visibilit\u00e9 impeccable (Aqua92, Marne et Gondoire, N\u00e9mo 33).<\/p>\n<p>Sorties\u00a0 en v\u00eatement \u00e9tanche\u00a0:<\/p>\n<p>Ces sorties sont programm\u00e9es en p\u00e9riodes froides et uniquement r\u00e9serv\u00e9es aux plongeurs en v\u00eatements \u00e9tanches ayant \u00e9t\u00e9 form\u00e9s \u00e0 leur utilisation.<\/p>\n<p>Sorties en mer\u00a0:<\/p>\n<p>Des sorties en mer sont r\u00e9guli\u00e8rement organis\u00e9es (M\u00e9diterran\u00e9e, Egypte). Les informations (dates, tarifs, etc, \u2026) sont mises en ligne d\u00e8s qu\u2019elles sont disponibles.<\/p>\n<p>&nbsp;<\/p>\n","protected":false},"excerpt":{"rendered":"<p>Sortie Club\u00a0: Des sorties sont organis\u00e9es r\u00e9guli\u00e8rement par les membres du Club en carri\u00e8re (Belgique), en mer et en fosse tout au long de l\u2019ann\u00e9e. Une interruption est faite en milieu naturel aux mois de janvier \u2013 f\u00e9vrier \u2013 mars o\u00f9 la temp\u00e9rature de l\u2019eau est trop froide. Sorties carri\u00e8re\u00a0: La temp\u00e9rature de l\u2019eau oscille &hellip; <a href=\"https:\/\/www.hgc-reims.com\/?page_id=128\" class=\"more-link\">Continuer la lecture de <span class=\"screen-reader-text\">Sorties Club<\/span>  <span class=\"meta-nav\">&rarr;<\/span><\/a><\/p>\n","protected":false},"author":1,"featured_media":0,"parent":0,"menu_order":0,"comment_status":"closed","ping_status":"closed","template":"","meta":{"footnotes":""},"class_list":["post-128","page","type-page","status-publish","hentry","gallery-content-unit"],"post_mailing_queue_ids":[],"_links":{"self":[{"href":"https:\/\/www.hgc-reims.com\/index.php?rest_route=\/wp\/v2\/pages\/128","targetHints":{"allow":["GET"]}}],"collection":[{"href":"https:\/\/www.hgc-reims.com\/index.php?rest_route=\/wp\/v2\/pages"}],"about":[{"href":"https:\/\/www.hgc-reims.com\/index.php?rest_route=\/wp\/v2\/types\/page"}],"author":[{"embeddable":true,"href":"https:\/\/www.hgc-reims.com\/index.php?rest_route=\/wp\/v2\/users\/1"}],"replies":[{"embeddable":true,"href":"https:\/\/www.hgc-reims.com\/index.php?rest_route=%2Fwp%2Fv2%2Fcomments&post=128"}],"version-history":[{"count":2,"href":"https:\/\/www.hgc-reims.com\/index.php?rest_route=\/wp\/v2\/pages\/128\/revisions"}],"predecessor-version":[{"id":178,"href":"https:\/\/www.hgc-reims.com\/index.php?rest_route=\/wp\/v2\/pages\/128\/revisions\/178"}],"wp:attachment":[{"href":"https:\/\/www.hgc-reims.com\/index.php?rest_route=%2Fwp%2Fv2%2Fmedia&parent=128"}],"curies":[{"name":"wp","href":"https:\/\/api.w.org\/{rel}","templated":true}]}}