{"id":113,"date":"2015-09-06T19:48:24","date_gmt":"2015-09-06T17:48:24","guid":{"rendered":"http:\/\/hgcreimsmo.cluster005.ovh.net\/?page_id=113"},"modified":"2024-10-14T14:52:34","modified_gmt":"2024-10-14T12:52:34","slug":"le-bureau","status":"publish","type":"page","link":"https:\/\/www.hgc-reims.com\/?page_id=113","title":{"rendered":"Le bureau"},"content":{"rendered":"<table class=\" aligncenter\" border=\"0\" cellpadding=\"10\" align=\"center\">\n<tbody>\n<tr>\n<td align=\"center\" width=\"50%\"><a href=\"https:\/\/www.hgc-reims.com\/wp-content\/uploads\/2024\/10\/sylvie.jpg\"><img loading=\"lazy\" decoding=\"async\" class=\"alignnone  wp-image-6404\" src=\"https:\/\/www.hgc-reims.com\/wp-content\/uploads\/2024\/10\/sylvie.jpg\" alt=\"\" width=\"184\" height=\"184\" srcset=\"https:\/\/www.hgc-reims.com\/wp-content\/uploads\/2024\/10\/sylvie.jpg 792w, https:\/\/www.hgc-reims.com\/wp-content\/uploads\/2024\/10\/sylvie-300x300.jpg 300w, https:\/\/www.hgc-reims.com\/wp-content\/uploads\/2024\/10\/sylvie-150x150.jpg 150w, https:\/\/www.hgc-reims.com\/wp-content\/uploads\/2024\/10\/sylvie-768x768.jpg 768w\" sizes=\"auto, (max-width: 184px) 100vw, 184px\" \/><\/a>\n<p><strong>Sylvie LAPORTE<\/strong><br \/>Pr\u00e9sidente<\/p>\n<\/td>\n<td align=\"center\" width=\"50%\"><a href=\"https:\/\/www.hgc-reims.com\/wp-content\/uploads\/2024\/10\/pascale.jpg\"><img loading=\"lazy\" decoding=\"async\" class=\"alignnone  wp-image-6405\" src=\"https:\/\/www.hgc-reims.com\/wp-content\/uploads\/2024\/10\/pascale.jpg\" alt=\"\" width=\"183\" height=\"183\" srcset=\"https:\/\/www.hgc-reims.com\/wp-content\/uploads\/2024\/10\/pascale.jpg 792w, https:\/\/www.hgc-reims.com\/wp-content\/uploads\/2024\/10\/pascale-300x300.jpg 300w, https:\/\/www.hgc-reims.com\/wp-content\/uploads\/2024\/10\/pascale-150x150.jpg 150w, https:\/\/www.hgc-reims.com\/wp-content\/uploads\/2024\/10\/pascale-768x768.jpg 768w\" sizes=\"auto, (max-width: 183px) 100vw, 183px\" \/><\/a><br \/><strong>Pascale BECK-CARPENTIER<\/strong><br \/>Pr\u00e9sidente Adjointe<\/td>\n<\/tr>\n<tr>\n<td align=\"center\" width=\"50%\"><a href=\"https:\/\/www.hgc-reims.com\/wp-content\/uploads\/2024\/10\/jl.jpg\"><img loading=\"lazy\" decoding=\"async\" class=\"alignnone  wp-image-6407\" src=\"https:\/\/www.hgc-reims.com\/wp-content\/uploads\/2024\/10\/jl.jpg\" alt=\"\" width=\"178\" height=\"178\" srcset=\"https:\/\/www.hgc-reims.com\/wp-content\/uploads\/2024\/10\/jl.jpg 792w, https:\/\/www.hgc-reims.com\/wp-content\/uploads\/2024\/10\/jl-300x300.jpg 300w, https:\/\/www.hgc-reims.com\/wp-content\/uploads\/2024\/10\/jl-150x150.jpg 150w, https:\/\/www.hgc-reims.com\/wp-content\/uploads\/2024\/10\/jl-768x768.jpg 768w\" sizes=\"auto, (max-width: 178px) 100vw, 178px\" \/><\/a><br \/><strong>Jean-Luc GUILLET<\/strong><br \/>Pr\u00e9sident Adjoint<\/td>\n<td align=\"center\">\u00a0<\/td>\n<\/tr>\n<tr>\n<td align=\"center\" width=\"50%\"><a href=\"https:\/\/www.hgc-reims.com\/wp-content\/uploads\/2023\/05\/IMG_3967.jpg\"><img loading=\"lazy\" decoding=\"async\" class=\"alignnone  wp-image-4965\" src=\"https:\/\/www.hgc-reims.com\/wp-content\/uploads\/2023\/05\/IMG_3967.jpg\" alt=\"\" width=\"166\" height=\"166\" srcset=\"https:\/\/www.hgc-reims.com\/wp-content\/uploads\/2023\/05\/IMG_3967.jpg 1080w, https:\/\/www.hgc-reims.com\/wp-content\/uploads\/2023\/05\/IMG_3967-300x300.jpg 300w, https:\/\/www.hgc-reims.com\/wp-content\/uploads\/2023\/05\/IMG_3967-1024x1024.jpg 1024w, https:\/\/www.hgc-reims.com\/wp-content\/uploads\/2023\/05\/IMG_3967-150x150.jpg 150w, https:\/\/www.hgc-reims.com\/wp-content\/uploads\/2023\/05\/IMG_3967-768x768.jpg 768w\" sizes=\"auto, (max-width: 166px) 100vw, 166px\" \/><\/a>\n<p><strong>Alain LURETTE<\/strong><br \/>Tr\u00e9sorier<\/p>\n<\/td>\n<td align=\"center\" width=\"50%\"><a href=\"https:\/\/www.hgc-reims.com\/wp-content\/uploads\/2023\/05\/IMG_3979.jpg\"><img loading=\"lazy\" decoding=\"async\" class=\"alignnone  wp-image-4964\" src=\"https:\/\/www.hgc-reims.com\/wp-content\/uploads\/2023\/05\/IMG_3979.jpg\" alt=\"\" width=\"164\" height=\"164\" srcset=\"https:\/\/www.hgc-reims.com\/wp-content\/uploads\/2023\/05\/IMG_3979.jpg 1080w, https:\/\/www.hgc-reims.com\/wp-content\/uploads\/2023\/05\/IMG_3979-300x300.jpg 300w, https:\/\/www.hgc-reims.com\/wp-content\/uploads\/2023\/05\/IMG_3979-1024x1024.jpg 1024w, https:\/\/www.hgc-reims.com\/wp-content\/uploads\/2023\/05\/IMG_3979-150x150.jpg 150w, https:\/\/www.hgc-reims.com\/wp-content\/uploads\/2023\/05\/IMG_3979-768x768.jpg 768w\" sizes=\"auto, (max-width: 164px) 100vw, 164px\" \/><\/a>\n<p><strong>Virginie TELLIER<\/strong><br \/>Tr\u00e9sori\u00e8re adjointe<\/p>\n<\/td>\n<\/tr>\n<tr>\n<td style=\"text-align: center;\" width=\"50%\"><a href=\"https:\/\/www.hgc-reims.com\/wp-content\/uploads\/2023\/05\/IMG_4005.jpg\"><img loading=\"lazy\" decoding=\"async\" class=\"alignnone  wp-image-4966\" src=\"https:\/\/www.hgc-reims.com\/wp-content\/uploads\/2023\/05\/IMG_4005.jpg\" alt=\"\" width=\"178\" height=\"178\" srcset=\"https:\/\/www.hgc-reims.com\/wp-content\/uploads\/2023\/05\/IMG_4005.jpg 1080w, https:\/\/www.hgc-reims.com\/wp-content\/uploads\/2023\/05\/IMG_4005-300x300.jpg 300w, https:\/\/www.hgc-reims.com\/wp-content\/uploads\/2023\/05\/IMG_4005-1024x1024.jpg 1024w, https:\/\/www.hgc-reims.com\/wp-content\/uploads\/2023\/05\/IMG_4005-150x150.jpg 150w, https:\/\/www.hgc-reims.com\/wp-content\/uploads\/2023\/05\/IMG_4005-768x768.jpg 768w\" sizes=\"auto, (max-width: 178px) 100vw, 178px\" \/><\/a><br \/><strong>Gilles TOCUT<\/strong><br \/>Secr\u00e9taire<\/td>\n<td width=\"50%\"><strong><a href=\"https:\/\/www.hgc-reims.com\/wp-content\/uploads\/2024\/10\/natacha.jpg\"><img loading=\"lazy\" decoding=\"async\" class=\"alignnone  wp-image-6408\" src=\"https:\/\/www.hgc-reims.com\/wp-content\/uploads\/2024\/10\/natacha.jpg\" alt=\"\" width=\"175\" height=\"175\" srcset=\"https:\/\/www.hgc-reims.com\/wp-content\/uploads\/2024\/10\/natacha.jpg 792w, https:\/\/www.hgc-reims.com\/wp-content\/uploads\/2024\/10\/natacha-300x300.jpg 300w, https:\/\/www.hgc-reims.com\/wp-content\/uploads\/2024\/10\/natacha-150x150.jpg 150w, https:\/\/www.hgc-reims.com\/wp-content\/uploads\/2024\/10\/natacha-768x768.jpg 768w\" sizes=\"auto, (max-width: 175px) 100vw, 175px\" \/><\/a><br \/>Natacha KOSC<\/strong><br \/>Secr\u00e9taire Adjointe<\/td>\n<\/tr>\n<\/tbody>\n<\/table>\n\n\n<p><\/p>\n","protected":false},"excerpt":{"rendered":"<p>Sylvie LAPORTEPr\u00e9sidente Pascale BECK-CARPENTIERPr\u00e9sidente Adjointe Jean-Luc GUILLETPr\u00e9sident Adjoint \u00a0 Alain LURETTETr\u00e9sorier Virginie TELLIERTr\u00e9sori\u00e8re adjointe Gilles TOCUTSecr\u00e9taire Natacha KOSCSecr\u00e9taire Adjointe<\/p>\n","protected":false},"author":1,"featured_media":0,"parent":70,"menu_order":0,"comment_status":"closed","ping_status":"closed","template":"page-templates\/full-width.php","meta":{"footnotes":""},"class_list":["post-113","page","type-page","status-publish","hentry","gallery-content-unit"],"post_mailing_queue_ids":[],"_links":{"self":[{"href":"https:\/\/www.hgc-reims.com\/index.php?rest_route=\/wp\/v2\/pages\/113","targetHints":{"allow":["GET"]}}],"collection":[{"href":"https:\/\/www.hgc-reims.com\/index.php?rest_route=\/wp\/v2\/pages"}],"about":[{"href":"https:\/\/www.hgc-reims.com\/index.php?rest_route=\/wp\/v2\/types\/page"}],"author":[{"embeddable":true,"href":"https:\/\/www.hgc-reims.com\/index.php?rest_route=\/wp\/v2\/users\/1"}],"replies":[{"embeddable":true,"href":"https:\/\/www.hgc-reims.com\/index.php?rest_route=%2Fwp%2Fv2%2Fcomments&post=113"}],"version-history":[{"count":39,"href":"https:\/\/www.hgc-reims.com\/index.php?rest_route=\/wp\/v2\/pages\/113\/revisions"}],"predecessor-version":[{"id":6409,"href":"https:\/\/www.hgc-reims.com\/index.php?rest_route=\/wp\/v2\/pages\/113\/revisions\/6409"}],"up":[{"embeddable":true,"href":"https:\/\/www.hgc-reims.com\/index.php?rest_route=\/wp\/v2\/pages\/70"}],"wp:attachment":[{"href":"https:\/\/www.hgc-reims.com\/index.php?rest_route=%2Fwp%2Fv2%2Fmedia&parent=113"}],"curies":[{"name":"wp","href":"https:\/\/api.w.org\/{rel}","templated":true}]}}